{"id":4,"date":"2019-02-25T09:52:10","date_gmt":"2019-02-25T09:52:10","guid":{"rendered":"http:\/\/glaserei-jakobi.de\/willkommen-auf-http-glaserei-jakobi-de"},"modified":"2025-06-13T11:59:01","modified_gmt":"2025-06-13T09:59:01","slug":"willkommen-auf-http-glaserei-jakobi-de","status":"publish","type":"page","link":"https:\/\/glaserei-jakobi.de\/","title":{"rendered":"Herzlich Willkommen bei der Glaserei Jakobi GmbH"},"content":{"rendered":"\r\n\r\n\r\n\r\n\r\n\r\n\r\n<h5><strong>Wenn es um das Thema Glas geht, ist die Glaserei Jakobi ihr kompetenter und verl\u00e4ssliche Ansprechpartner in und um M\u00fchlhausen\/Th\u00fcringen.<\/strong><\/h5>\r\n<p>Unsere Kunden setzen bei uns auf beste Qualit\u00e4t und exzellenten Service. Wir sind Experten f\u00fcr das Bauen mit Glas inklusive umfangreicher Beratung, Aufma\u00df, Fertigung, Montage und vielen Jahren Erfahrung.<\/p>\r\n\r\n\r\n\r\n<p>Glas ist ein einzigartiger Baustoff f\u00fcr den Au\u00dfen- und Innenbereich, seine klaren Strukturen und die Transparenz&nbsp; stehen f\u00fcr Weitl\u00e4ufigkeit, Helligkeit, Eleganz,&nbsp; Modernit\u00e4t und schaffen Atmosph\u00e4re.<\/p>\r\n\r\n\r\n\r\n<p class=\"wp-block-paragraph\"><strong> Wir bieten Ihnen Komplettservice rund um:<\/strong><\/p>\r\n\r\n\r\n\r\n\r\n<div class=\"wp-block-image\">\r\n<figure class=\"alignright size-large is-resized\"><img loading=\"lazy\" decoding=\"async\" class=\"wp-image-468\" src=\"https:\/\/glaserei-jakobi.de\/wp-content\/uploads\/2021\/04\/Libri-Bad-Hersfeld-edited.jpg\" alt=\"\" width=\"324\" height=\"432\" srcset=\"https:\/\/glaserei-jakobi.de\/wp-content\/uploads\/2021\/04\/Libri-Bad-Hersfeld-edited.jpg 1200w, https:\/\/glaserei-jakobi.de\/wp-content\/uploads\/2021\/04\/Libri-Bad-Hersfeld-edited-225x300.jpg 225w, https:\/\/glaserei-jakobi.de\/wp-content\/uploads\/2021\/04\/Libri-Bad-Hersfeld-edited-769x1024.jpg 769w, https:\/\/glaserei-jakobi.de\/wp-content\/uploads\/2021\/04\/Libri-Bad-Hersfeld-edited-768x1022.jpg 768w, https:\/\/glaserei-jakobi.de\/wp-content\/uploads\/2021\/04\/Libri-Bad-Hersfeld-edited-1154x1536.jpg 1154w\" sizes=\"auto, (max-width: 324px) 85vw, 324px\" \/>\r\n<figcaption class=\"wp-element-caption\">Schuppenverglasung Treppenhaus<\/figcaption>\r\n<\/figure>\r\n<\/div>\r\n\r\n\r\n<ul>\r\n<li>&nbsp;Neu- und Reparaturverglasung,<\/li>\r\n<li>&nbsp;Reparatur Glasscheiben in Fenstern, T\u00fcren und Winterg\u00e4rten<\/li>\r\n<li>&nbsp;Notverglasung<\/li>\r\n<li>&nbsp;Spiegel, Spiegelw\u00e4nde<\/li>\r\n<li>&nbsp;Glasbeschichtung, Glashandel<\/li>\r\n<li>&nbsp;Glasplatten, Glasb\u00f6den<\/li>\r\n<li>&nbsp;Glast\u00fcren, Glasschiebet\u00fcren<\/li>\r\n<li>&nbsp;Glasbau, Glasd\u00e4cher, Schuppenverglasung<\/li>\r\n<li>&nbsp;Glasduschen<\/li>\r\n<li>&nbsp;Bildereinrahmungen<\/li>\r\n<li>&nbsp;alle Arten von Fenstern und T\u00fcren<\/li>\r\n<li>&nbsp;K\u00fcchenr\u00fcckw\u00e4nde, Glastrennw\u00e4nde<\/li>\r\n<li>&nbsp;Glasgel\u00e4nder, Schiebescheibenanlagen<\/li>\r\n<li>&nbsp;Glastische, Vitrinen<\/li>\r\n<li>&nbsp;Bleiverglasungen<\/li>\r\n<li>&nbsp;begehbares Glas<\/li>\r\n<li>&nbsp;Beschl\u00e4ge<\/li>\r\n<li>&nbsp;Isolierglas: W\u00e4rmeschutz, Sonnenschutz, Schallschutz<\/li>\r\n<li>&nbsp;Winterg\u00e4rten, Terrassenverglasung, Terrassen\u00fcberdachung<\/li>\r\n<li>&nbsp;Aquarien, Terrarien, Fischt\u00fcrme<\/li>\r\n<li>&nbsp;Ma\u00dfanfertigungen von Glas und Spiegeln auf individuelle Gr\u00f6\u00dfen und Formen<\/li>\r\n<li>&nbsp;Einbau von Hunde-\/ Katzenklappen<\/li>\r\n<li>Ofenglas, Kaminglas, Hitzeschutzglas<\/li>\r\n<\/ul>\r\n\r\n\r\n\r\n\r\n\r\n<p>Die Glaserei Jakobi ist ihr zuverl\u00e4ssiger Partner f\u00fcr Privatkunden, Architekten, Handwerkskollegen und Firmen f\u00fcr alle Glasarbeiten im Innen- und Au\u00dfenbereich und steht ihnen jederzeit gern zur Verf\u00fcgung.<\/p>\r\n<p>Als Experten f\u00fcr Glas beraten wir Sie stets professionell und zuverl\u00e4ssig und freuen uns \u00fcber ihre Kontaktaufnahme.&nbsp;&nbsp;<\/p>\r\n\r\n\r\n\r\n\r\n\r\n<p class=\"wp-block-paragraph\">Ihre Glaserei Jakobi GmbH<\/p>\r\n\r\n\r\n","protected":false},"excerpt":{"rendered":"<p>Wir bieten Ihnen Komplettservice rund um: &nbsp;Neu- und Reparaturverglasung, &nbsp;Reparatur Glasscheiben in Fenstern, T\u00fcren und Winterg\u00e4rten &nbsp;Notverglasung &nbsp;Spiegel, Spiegelw\u00e4nde &nbsp;Glasbeschichtung, Glashandel &nbsp;Glasplatten, Glasb\u00f6den &nbsp;Glast\u00fcren, Glasschiebet\u00fcren &nbsp;Glasbau, Glasd\u00e4cher, Schuppenverglasung &nbsp;Glasduschen &nbsp;Bildereinrahmungen &nbsp;alle Arten von Fenstern und T\u00fcren &nbsp;K\u00fcchenr\u00fcckw\u00e4nde, Glastrennw\u00e4nde &nbsp;Glasgel\u00e4nder, Schiebescheibenanlagen &nbsp;Glastische, Vitrinen &nbsp;Bleiverglasungen &nbsp;begehbares Glas &nbsp;Beschl\u00e4ge &nbsp;Isolierglas: W\u00e4rmeschutz, Sonnenschutz, Schallschutz &nbsp;Winterg\u00e4rten, Terrassenverglasung, Terrassen\u00fcberdachung &nbsp;Aquarien, Terrarien, &hellip; <a href=\"https:\/\/glaserei-jakobi.de\/\" class=\"more-link\"><span class=\"screen-reader-text\">\u201eHerzlich Willkommen bei der Glaserei Jakobi GmbH\u201c <\/span>weiterlesen<\/a><\/p>\n","protected":false},"author":1,"featured_media":10,"parent":0,"menu_order":0,"comment_status":"closed","ping_status":"open","template":"","meta":{"_crdt_document":"","ngg_post_thumbnail":0,"footnotes":""},"class_list":["post-4","page","type-page","status-publish","has-post-thumbnail","hentry"],"_links":{"self":[{"href":"https:\/\/glaserei-jakobi.de\/index.php?rest_route=\/wp\/v2\/pages\/4","targetHints":{"allow":["GET"]}}],"collection":[{"href":"https:\/\/glaserei-jakobi.de\/index.php?rest_route=\/wp\/v2\/pages"}],"about":[{"href":"https:\/\/glaserei-jakobi.de\/index.php?rest_route=\/wp\/v2\/types\/page"}],"author":[{"embeddable":true,"href":"https:\/\/glaserei-jakobi.de\/index.php?rest_route=\/wp\/v2\/users\/1"}],"replies":[{"embeddable":true,"href":"https:\/\/glaserei-jakobi.de\/index.php?rest_route=%2Fwp%2Fv2%2Fcomments&post=4"}],"version-history":[{"count":58,"href":"https:\/\/glaserei-jakobi.de\/index.php?rest_route=\/wp\/v2\/pages\/4\/revisions"}],"predecessor-version":[{"id":758,"href":"https:\/\/glaserei-jakobi.de\/index.php?rest_route=\/wp\/v2\/pages\/4\/revisions\/758"}],"wp:featuredmedia":[{"embeddable":true,"href":"https:\/\/glaserei-jakobi.de\/index.php?rest_route=\/wp\/v2\/media\/10"}],"wp:attachment":[{"href":"https:\/\/glaserei-jakobi.de\/index.php?rest_route=%2Fwp%2Fv2%2Fmedia&parent=4"}],"curies":[{"name":"wp","href":"https:\/\/api.w.org\/{rel}","templated":true}]}}