{"id":232,"date":"2019-04-12T10:34:26","date_gmt":"2019-04-12T08:34:26","guid":{"rendered":"http:\/\/glaserei-jakobi.de\/?page_id=232"},"modified":"2023-02-23T13:32:10","modified_gmt":"2023-02-23T12:32:10","slug":"glasbau","status":"publish","type":"page","link":"https:\/\/glaserei-jakobi.de\/?page_id=232","title":{"rendered":"Glasbau \/ Vord\u00e4cher"},"content":{"rendered":"\n\n\n<p>Im sensiblen Bereich der Sicherheitsverglasungen verf\u00fcgen wir \u00fcber weitreichende praktische Erfahrungen in der Sportst\u00e4ttenverglasung, Trennwandverglasung, Schaufensterverglasung, Treppenverglasung mit begehbarem Glas, rahmenlosen Vordachverglasung u.\u00e4. nach den Anforderung hinsichtlich der Ausbau und Ausstattung der jeweiligen Verglasungsrichtlinien und DIN<\/p>\n\n\n\n<figure class=\"wp-block-gallery has-nested-images columns-default is-cropped wp-block-gallery-1 is-layout-flex wp-block-gallery-is-layout-flex\">\n<figure class=\"wp-block-image size-large\"><img loading=\"lazy\" decoding=\"async\" width=\"519\" height=\"1024\" data-id=\"521\" src=\"https:\/\/glaserei-jakobi.de\/wp-content\/uploads\/2021\/05\/Fahrstuhlverglasung-Erfurt-003-519x1024.jpg\" alt=\"\" class=\"wp-image-521\" srcset=\"https:\/\/glaserei-jakobi.de\/wp-content\/uploads\/2021\/05\/Fahrstuhlverglasung-Erfurt-003-519x1024.jpg 519w, https:\/\/glaserei-jakobi.de\/wp-content\/uploads\/2021\/05\/Fahrstuhlverglasung-Erfurt-003-152x300.jpg 152w, https:\/\/glaserei-jakobi.de\/wp-content\/uploads\/2021\/05\/Fahrstuhlverglasung-Erfurt-003-768x1515.jpg 768w, https:\/\/glaserei-jakobi.de\/wp-content\/uploads\/2021\/05\/Fahrstuhlverglasung-Erfurt-003-779x1536.jpg 779w, https:\/\/glaserei-jakobi.de\/wp-content\/uploads\/2021\/05\/Fahrstuhlverglasung-Erfurt-003.jpg 968w\" sizes=\"auto, (max-width: 519px) 85vw, 519px\" \/><figcaption class=\"wp-element-caption\">Fahrstuhlverglasung<\/figcaption><\/figure>\n\n\n\n<figure class=\"wp-block-image size-large\"><img loading=\"lazy\" decoding=\"async\" width=\"768\" height=\"1024\" data-id=\"470\" src=\"https:\/\/glaserei-jakobi.de\/wp-content\/uploads\/2021\/04\/Libri-Bad-Hersfeld-1-768x1024.jpg\" alt=\"\" class=\"wp-image-470\" srcset=\"https:\/\/glaserei-jakobi.de\/wp-content\/uploads\/2021\/04\/Libri-Bad-Hersfeld-1-768x1024.jpg 768w, https:\/\/glaserei-jakobi.de\/wp-content\/uploads\/2021\/04\/Libri-Bad-Hersfeld-1-225x300.jpg 225w, https:\/\/glaserei-jakobi.de\/wp-content\/uploads\/2021\/04\/Libri-Bad-Hersfeld-1-1152x1536.jpg 1152w, https:\/\/glaserei-jakobi.de\/wp-content\/uploads\/2021\/04\/Libri-Bad-Hersfeld-1.jpg 1200w\" sizes=\"auto, (max-width: 768px) 85vw, 768px\" \/><figcaption class=\"wp-element-caption\">Schuppenverglasung Treppenturm<\/figcaption><\/figure>\n\n\n\n<figure class=\"wp-block-image size-large\"><img loading=\"lazy\" decoding=\"async\" width=\"1024\" height=\"768\" data-id=\"233\" src=\"https:\/\/glaserei-jakobi.de\/wp-content\/uploads\/2019\/04\/Bahnhof_Ellrich5-1024x768.jpg\" alt=\"\" class=\"wp-image-233\" srcset=\"https:\/\/glaserei-jakobi.de\/wp-content\/uploads\/2019\/04\/Bahnhof_Ellrich5-1024x768.jpg 1024w, https:\/\/glaserei-jakobi.de\/wp-content\/uploads\/2019\/04\/Bahnhof_Ellrich5-300x225.jpg 300w, https:\/\/glaserei-jakobi.de\/wp-content\/uploads\/2019\/04\/Bahnhof_Ellrich5-768x576.jpg 768w, https:\/\/glaserei-jakobi.de\/wp-content\/uploads\/2019\/04\/Bahnhof_Ellrich5-1200x900.jpg 1200w, https:\/\/glaserei-jakobi.de\/wp-content\/uploads\/2019\/04\/Bahnhof_Ellrich5.jpg 1280w\" sizes=\"auto, (max-width: 709px) 85vw, (max-width: 909px) 67vw, (max-width: 1362px) 62vw, 840px\" \/><\/figure>\n\n\n\n<figure class=\"wp-block-image size-large\"><img loading=\"lazy\" decoding=\"async\" width=\"1024\" height=\"683\" data-id=\"234\" src=\"https:\/\/glaserei-jakobi.de\/wp-content\/uploads\/2019\/04\/Hagen-1024x683.jpg\" alt=\"\" class=\"wp-image-234\" srcset=\"https:\/\/glaserei-jakobi.de\/wp-content\/uploads\/2019\/04\/Hagen-1024x683.jpg 1024w, https:\/\/glaserei-jakobi.de\/wp-content\/uploads\/2019\/04\/Hagen-300x200.jpg 300w, https:\/\/glaserei-jakobi.de\/wp-content\/uploads\/2019\/04\/Hagen-768x512.jpg 768w, https:\/\/glaserei-jakobi.de\/wp-content\/uploads\/2019\/04\/Hagen-1200x800.jpg 1200w, https:\/\/glaserei-jakobi.de\/wp-content\/uploads\/2019\/04\/Hagen.jpg 1536w\" sizes=\"auto, (max-width: 709px) 85vw, (max-width: 909px) 67vw, (max-width: 1362px) 62vw, 840px\" \/><\/figure>\n\n\n\n<figure class=\"wp-block-image size-large\"><img loading=\"lazy\" decoding=\"async\" width=\"1024\" height=\"683\" data-id=\"235\" src=\"https:\/\/glaserei-jakobi.de\/wp-content\/uploads\/2019\/04\/Kolumbarium1-1024x683.jpg\" alt=\"\" class=\"wp-image-235\" srcset=\"https:\/\/glaserei-jakobi.de\/wp-content\/uploads\/2019\/04\/Kolumbarium1-1024x683.jpg 1024w, https:\/\/glaserei-jakobi.de\/wp-content\/uploads\/2019\/04\/Kolumbarium1-300x200.jpg 300w, https:\/\/glaserei-jakobi.de\/wp-content\/uploads\/2019\/04\/Kolumbarium1-768x512.jpg 768w, https:\/\/glaserei-jakobi.de\/wp-content\/uploads\/2019\/04\/Kolumbarium1-1200x800.jpg 1200w, https:\/\/glaserei-jakobi.de\/wp-content\/uploads\/2019\/04\/Kolumbarium1.jpg 1536w\" sizes=\"auto, (max-width: 709px) 85vw, (max-width: 909px) 67vw, (max-width: 1362px) 62vw, 840px\" \/><\/figure>\n\n\n\n<figure class=\"wp-block-image size-large\"><img loading=\"lazy\" decoding=\"async\" width=\"1024\" height=\"683\" data-id=\"237\" src=\"https:\/\/glaserei-jakobi.de\/wp-content\/uploads\/2019\/04\/theater-1024x683.jpg\" alt=\"\" class=\"wp-image-237\" srcset=\"https:\/\/glaserei-jakobi.de\/wp-content\/uploads\/2019\/04\/theater-1024x683.jpg 1024w, https:\/\/glaserei-jakobi.de\/wp-content\/uploads\/2019\/04\/theater-300x200.jpg 300w, https:\/\/glaserei-jakobi.de\/wp-content\/uploads\/2019\/04\/theater-768x512.jpg 768w, https:\/\/glaserei-jakobi.de\/wp-content\/uploads\/2019\/04\/theater-1200x800.jpg 1200w, https:\/\/glaserei-jakobi.de\/wp-content\/uploads\/2019\/04\/theater.jpg 1536w\" sizes=\"auto, (max-width: 709px) 85vw, (max-width: 909px) 67vw, (max-width: 1362px) 62vw, 840px\" \/><\/figure>\n\n\n\n<figure class=\"wp-block-image size-large\"><img loading=\"lazy\" decoding=\"async\" width=\"1024\" height=\"683\" data-id=\"238\" src=\"https:\/\/glaserei-jakobi.de\/wp-content\/uploads\/2019\/04\/Theater7-1024x683.jpg\" alt=\"\" class=\"wp-image-238\" srcset=\"https:\/\/glaserei-jakobi.de\/wp-content\/uploads\/2019\/04\/Theater7-1024x683.jpg 1024w, https:\/\/glaserei-jakobi.de\/wp-content\/uploads\/2019\/04\/Theater7-300x200.jpg 300w, https:\/\/glaserei-jakobi.de\/wp-content\/uploads\/2019\/04\/Theater7-768x512.jpg 768w, https:\/\/glaserei-jakobi.de\/wp-content\/uploads\/2019\/04\/Theater7-1200x800.jpg 1200w, https:\/\/glaserei-jakobi.de\/wp-content\/uploads\/2019\/04\/Theater7.jpg 1536w\" sizes=\"auto, (max-width: 709px) 85vw, (max-width: 909px) 67vw, (max-width: 1362px) 62vw, 840px\" \/><\/figure>\n\n\n\n<figure class=\"wp-block-image size-large\"><img loading=\"lazy\" decoding=\"async\" width=\"683\" height=\"1024\" data-id=\"239\" src=\"https:\/\/glaserei-jakobi.de\/wp-content\/uploads\/2019\/04\/Theater10-683x1024.jpg\" alt=\"\" class=\"wp-image-239\" srcset=\"https:\/\/glaserei-jakobi.de\/wp-content\/uploads\/2019\/04\/Theater10-683x1024.jpg 683w, https:\/\/glaserei-jakobi.de\/wp-content\/uploads\/2019\/04\/Theater10-200x300.jpg 200w, https:\/\/glaserei-jakobi.de\/wp-content\/uploads\/2019\/04\/Theater10-768x1152.jpg 768w, https:\/\/glaserei-jakobi.de\/wp-content\/uploads\/2019\/04\/Theater10.jpg 1024w\" sizes=\"auto, (max-width: 683px) 85vw, 683px\" \/><\/figure>\n\n\n\n<figure class=\"wp-block-image size-large\"><img loading=\"lazy\" decoding=\"async\" width=\"1024\" height=\"683\" data-id=\"240\" src=\"https:\/\/glaserei-jakobi.de\/wp-content\/uploads\/2019\/04\/Theater12-1024x683.jpg\" alt=\"\" class=\"wp-image-240\" srcset=\"https:\/\/glaserei-jakobi.de\/wp-content\/uploads\/2019\/04\/Theater12-1024x683.jpg 1024w, https:\/\/glaserei-jakobi.de\/wp-content\/uploads\/2019\/04\/Theater12-300x200.jpg 300w, https:\/\/glaserei-jakobi.de\/wp-content\/uploads\/2019\/04\/Theater12-768x512.jpg 768w, https:\/\/glaserei-jakobi.de\/wp-content\/uploads\/2019\/04\/Theater12-1200x800.jpg 1200w, https:\/\/glaserei-jakobi.de\/wp-content\/uploads\/2019\/04\/Theater12.jpg 1536w\" sizes=\"auto, (max-width: 709px) 85vw, (max-width: 909px) 67vw, (max-width: 1362px) 62vw, 840px\" \/><\/figure>\n\n\n\n<figure class=\"wp-block-image size-large\"><img loading=\"lazy\" decoding=\"async\" width=\"1024\" height=\"392\" data-id=\"522\" src=\"https:\/\/glaserei-jakobi.de\/wp-content\/uploads\/2021\/05\/Glasvordach-Erbach-022-1024x392.jpg\" alt=\"\" class=\"wp-image-522\" srcset=\"https:\/\/glaserei-jakobi.de\/wp-content\/uploads\/2021\/05\/Glasvordach-Erbach-022-1024x392.jpg 1024w, https:\/\/glaserei-jakobi.de\/wp-content\/uploads\/2021\/05\/Glasvordach-Erbach-022-300x115.jpg 300w, https:\/\/glaserei-jakobi.de\/wp-content\/uploads\/2021\/05\/Glasvordach-Erbach-022-768x294.jpg 768w, https:\/\/glaserei-jakobi.de\/wp-content\/uploads\/2021\/05\/Glasvordach-Erbach-022-1536x589.jpg 1536w, https:\/\/glaserei-jakobi.de\/wp-content\/uploads\/2021\/05\/Glasvordach-Erbach-022-2048x785.jpg 2048w, https:\/\/glaserei-jakobi.de\/wp-content\/uploads\/2021\/05\/Glasvordach-Erbach-022-1200x460.jpg 1200w\" sizes=\"auto, (max-width: 709px) 85vw, (max-width: 909px) 67vw, (max-width: 1362px) 62vw, 840px\" \/><\/figure>\n\n\n\n<figure class=\"wp-block-image size-large\"><img loading=\"lazy\" decoding=\"async\" width=\"1024\" height=\"556\" data-id=\"523\" src=\"https:\/\/glaserei-jakobi.de\/wp-content\/uploads\/2021\/05\/Glasvordach-Erbach-029-1024x556.jpg\" alt=\"\" class=\"wp-image-523\" srcset=\"https:\/\/glaserei-jakobi.de\/wp-content\/uploads\/2021\/05\/Glasvordach-Erbach-029-1024x556.jpg 1024w, https:\/\/glaserei-jakobi.de\/wp-content\/uploads\/2021\/05\/Glasvordach-Erbach-029-300x163.jpg 300w, https:\/\/glaserei-jakobi.de\/wp-content\/uploads\/2021\/05\/Glasvordach-Erbach-029-768x417.jpg 768w, https:\/\/glaserei-jakobi.de\/wp-content\/uploads\/2021\/05\/Glasvordach-Erbach-029-1536x833.jpg 1536w, https:\/\/glaserei-jakobi.de\/wp-content\/uploads\/2021\/05\/Glasvordach-Erbach-029-2048x1111.jpg 2048w, https:\/\/glaserei-jakobi.de\/wp-content\/uploads\/2021\/05\/Glasvordach-Erbach-029-1200x651.jpg 1200w\" sizes=\"auto, (max-width: 709px) 85vw, (max-width: 909px) 67vw, (max-width: 1362px) 62vw, 840px\" \/><\/figure>\n<\/figure>\n\n\n\n<figure class=\"wp-block-gallery has-nested-images columns-default is-cropped wp-block-gallery-2 is-layout-flex wp-block-gallery-is-layout-flex\">\n<figure class=\"wp-block-image size-large\"><img loading=\"lazy\" decoding=\"async\" width=\"1024\" height=\"922\" data-id=\"528\" src=\"https:\/\/glaserei-jakobi.de\/wp-content\/uploads\/2021\/05\/003-1024x922.jpg\" alt=\"\" class=\"wp-image-528\" srcset=\"https:\/\/glaserei-jakobi.de\/wp-content\/uploads\/2021\/05\/003-1024x922.jpg 1024w, https:\/\/glaserei-jakobi.de\/wp-content\/uploads\/2021\/05\/003-300x270.jpg 300w, https:\/\/glaserei-jakobi.de\/wp-content\/uploads\/2021\/05\/003-768x691.jpg 768w, https:\/\/glaserei-jakobi.de\/wp-content\/uploads\/2021\/05\/003-1536x1382.jpg 1536w, https:\/\/glaserei-jakobi.de\/wp-content\/uploads\/2021\/05\/003-1200x1080.jpg 1200w, https:\/\/glaserei-jakobi.de\/wp-content\/uploads\/2021\/05\/003.jpg 1931w\" sizes=\"auto, (max-width: 709px) 85vw, (max-width: 909px) 67vw, (max-width: 1362px) 62vw, 840px\" \/><\/figure>\n\n\n\n<figure class=\"wp-block-image size-large\"><img loading=\"lazy\" decoding=\"async\" width=\"1024\" height=\"768\" data-id=\"527\" src=\"https:\/\/glaserei-jakobi.de\/wp-content\/uploads\/2021\/05\/068-1024x768.jpg\" alt=\"\" class=\"wp-image-527\" srcset=\"https:\/\/glaserei-jakobi.de\/wp-content\/uploads\/2021\/05\/068-1024x768.jpg 1024w, https:\/\/glaserei-jakobi.de\/wp-content\/uploads\/2021\/05\/068-300x225.jpg 300w, https:\/\/glaserei-jakobi.de\/wp-content\/uploads\/2021\/05\/068-768x576.jpg 768w, https:\/\/glaserei-jakobi.de\/wp-content\/uploads\/2021\/05\/068-1536x1152.jpg 1536w, https:\/\/glaserei-jakobi.de\/wp-content\/uploads\/2021\/05\/068-1200x900.jpg 1200w, https:\/\/glaserei-jakobi.de\/wp-content\/uploads\/2021\/05\/068.jpg 2048w\" sizes=\"auto, (max-width: 709px) 85vw, (max-width: 909px) 67vw, (max-width: 1362px) 62vw, 840px\" \/><\/figure>\n\n\n\n<figure class=\"wp-block-image size-large\"><img loading=\"lazy\" decoding=\"async\" width=\"889\" height=\"603\" data-id=\"531\" src=\"https:\/\/glaserei-jakobi.de\/wp-content\/uploads\/2021\/05\/Vordach.jpg\" alt=\"\" class=\"wp-image-531\" srcset=\"https:\/\/glaserei-jakobi.de\/wp-content\/uploads\/2021\/05\/Vordach.jpg 889w, https:\/\/glaserei-jakobi.de\/wp-content\/uploads\/2021\/05\/Vordach-300x203.jpg 300w, https:\/\/glaserei-jakobi.de\/wp-content\/uploads\/2021\/05\/Vordach-768x521.jpg 768w\" sizes=\"auto, (max-width: 709px) 85vw, (max-width: 909px) 67vw, (max-width: 1362px) 62vw, 840px\" \/><\/figure>\n\n\n\n<figure class=\"wp-block-image size-large\"><img loading=\"lazy\" decoding=\"async\" width=\"581\" height=\"1021\" data-id=\"529\" src=\"https:\/\/glaserei-jakobi.de\/wp-content\/uploads\/2021\/05\/imm062.jpg\" alt=\"\" class=\"wp-image-529\" srcset=\"https:\/\/glaserei-jakobi.de\/wp-content\/uploads\/2021\/05\/imm062.jpg 581w, https:\/\/glaserei-jakobi.de\/wp-content\/uploads\/2021\/05\/imm062-171x300.jpg 171w\" sizes=\"auto, (max-width: 581px) 85vw, 581px\" \/><\/figure>\n\n\n\n<figure class=\"wp-block-image size-large\"><img loading=\"lazy\" decoding=\"async\" width=\"640\" height=\"480\" data-id=\"530\" src=\"https:\/\/glaserei-jakobi.de\/wp-content\/uploads\/2021\/05\/Sparkasse-Front-vordach.jpg\" alt=\"\" class=\"wp-image-530\" srcset=\"https:\/\/glaserei-jakobi.de\/wp-content\/uploads\/2021\/05\/Sparkasse-Front-vordach.jpg 640w, https:\/\/glaserei-jakobi.de\/wp-content\/uploads\/2021\/05\/Sparkasse-Front-vordach-300x225.jpg 300w\" sizes=\"auto, (max-width: 640px) 85vw, 640px\" \/><\/figure>\n\n\n\n<figure class=\"wp-block-image size-large\"><img loading=\"lazy\" decoding=\"async\" width=\"500\" height=\"681\" data-id=\"533\" src=\"https:\/\/glaserei-jakobi.de\/wp-content\/uploads\/2021\/05\/Vordach1-1024x683-2.jpg\" alt=\"\" class=\"wp-image-533\" srcset=\"https:\/\/glaserei-jakobi.de\/wp-content\/uploads\/2021\/05\/Vordach1-1024x683-2.jpg 500w, https:\/\/glaserei-jakobi.de\/wp-content\/uploads\/2021\/05\/Vordach1-1024x683-2-220x300.jpg 220w\" sizes=\"auto, (max-width: 500px) 85vw, 500px\" \/><\/figure>\n\n\n\n<figure class=\"wp-block-image size-large\"><img loading=\"lazy\" decoding=\"async\" width=\"1024\" height=\"679\" data-id=\"637\" src=\"https:\/\/glaserei-jakobi.de\/wp-content\/uploads\/2023\/02\/Vordach-01-1024x679.jpg\" alt=\"\" class=\"wp-image-637\" srcset=\"https:\/\/glaserei-jakobi.de\/wp-content\/uploads\/2023\/02\/Vordach-01-1024x679.jpg 1024w, https:\/\/glaserei-jakobi.de\/wp-content\/uploads\/2023\/02\/Vordach-01-300x199.jpg 300w, https:\/\/glaserei-jakobi.de\/wp-content\/uploads\/2023\/02\/Vordach-01-768x509.jpg 768w, https:\/\/glaserei-jakobi.de\/wp-content\/uploads\/2023\/02\/Vordach-01-1200x796.jpg 1200w, https:\/\/glaserei-jakobi.de\/wp-content\/uploads\/2023\/02\/Vordach-01.jpg 1366w\" sizes=\"auto, (max-width: 709px) 85vw, (max-width: 909px) 67vw, (max-width: 1362px) 62vw, 840px\" \/><\/figure>\n<\/figure>\n\n\n","protected":false},"excerpt":{"rendered":"","protected":false},"author":1,"featured_media":0,"parent":0,"menu_order":0,"comment_status":"closed","ping_status":"closed","template":"","meta":{"_crdt_document":"","ngg_post_thumbnail":0,"footnotes":""},"class_list":["post-232","page","type-page","status-publish","hentry"],"_links":{"self":[{"href":"https:\/\/glaserei-jakobi.de\/index.php?rest_route=\/wp\/v2\/pages\/232","targetHints":{"allow":["GET"]}}],"collection":[{"href":"https:\/\/glaserei-jakobi.de\/index.php?rest_route=\/wp\/v2\/pages"}],"about":[{"href":"https:\/\/glaserei-jakobi.de\/index.php?rest_route=\/wp\/v2\/types\/page"}],"author":[{"embeddable":true,"href":"https:\/\/glaserei-jakobi.de\/index.php?rest_route=\/wp\/v2\/users\/1"}],"replies":[{"embeddable":true,"href":"https:\/\/glaserei-jakobi.de\/index.php?rest_route=%2Fwp%2Fv2%2Fcomments&post=232"}],"version-history":[{"count":9,"href":"https:\/\/glaserei-jakobi.de\/index.php?rest_route=\/wp\/v2\/pages\/232\/revisions"}],"predecessor-version":[{"id":699,"href":"https:\/\/glaserei-jakobi.de\/index.php?rest_route=\/wp\/v2\/pages\/232\/revisions\/699"}],"wp:attachment":[{"href":"https:\/\/glaserei-jakobi.de\/index.php?rest_route=%2Fwp%2Fv2%2Fmedia&parent=232"}],"curies":[{"name":"wp","href":"https:\/\/api.w.org\/{rel}","templated":true}]}}