{"id":214,"date":"2019-04-12T10:19:07","date_gmt":"2019-04-12T08:19:07","guid":{"rendered":"http:\/\/glaserei-jakobi.de\/?page_id=214"},"modified":"2026-04-14T13:11:58","modified_gmt":"2026-04-14T11:11:58","slug":"wintergaerten","status":"publish","type":"page","link":"https:\/\/glaserei-jakobi.de\/?page_id=214","title":{"rendered":"Winterg\u00e4rten\/Balkonverglasung\/Terrassend\u00e4cher"},"content":{"rendered":"\r\n<p>Fertigung und Montage von Winterg\u00e4rten aus Aluminium, Holz und Kombination Holz\/Aluminium.<\/p>\r\n<p>MEHR RAUM&nbsp; &nbsp; MEHR LICHT &nbsp; &nbsp; MEHR WOHNLICHKEIT<\/p>\r\n<p>Winterg\u00e4rten sind keine einfachen Glask\u00e4sten, sondern ein durchdachtes hochmodernes und funktionales System, dass Ihren Anspr\u00fcchen in Qualit\u00e4t, Sicherheit, Lebensdauer und Design gerecht wird.<\/p>\r\n\r\n\r\n\r\n\r\n\r\n<figure class=\"wp-block-gallery has-nested-images columns-2 is-cropped wp-block-gallery-1 is-layout-flex wp-block-gallery-is-layout-flex\">\r\n<figure class=\"wp-block-image size-large\"><img loading=\"lazy\" decoding=\"async\" width=\"1024\" height=\"906\" data-id=\"512\" class=\"wp-image-512\" src=\"https:\/\/glaserei-jakobi.de\/wp-content\/uploads\/2021\/05\/20130822_115837-1024x906.jpg\" alt=\"\" srcset=\"https:\/\/glaserei-jakobi.de\/wp-content\/uploads\/2021\/05\/20130822_115837-1024x906.jpg 1024w, https:\/\/glaserei-jakobi.de\/wp-content\/uploads\/2021\/05\/20130822_115837-300x265.jpg 300w, https:\/\/glaserei-jakobi.de\/wp-content\/uploads\/2021\/05\/20130822_115837-768x680.jpg 768w, https:\/\/glaserei-jakobi.de\/wp-content\/uploads\/2021\/05\/20130822_115837-1536x1359.jpg 1536w, https:\/\/glaserei-jakobi.de\/wp-content\/uploads\/2021\/05\/20130822_115837-1200x1062.jpg 1200w, https:\/\/glaserei-jakobi.de\/wp-content\/uploads\/2021\/05\/20130822_115837.jpg 1841w\" sizes=\"auto, (max-width: 709px) 85vw, (max-width: 909px) 67vw, (max-width: 1362px) 62vw, 840px\" \/><img loading=\"lazy\" decoding=\"async\" class=\"alignnone size-full wp-image-673\" src=\"https:\/\/glaserei-jakobi.de\/wp-content\/uploads\/2023\/06\/Wintergarten.jpg\" alt=\"\" width=\"2517\" height=\"2104\" srcset=\"https:\/\/glaserei-jakobi.de\/wp-content\/uploads\/2023\/06\/Wintergarten.jpg 2517w, https:\/\/glaserei-jakobi.de\/wp-content\/uploads\/2023\/06\/Wintergarten-300x251.jpg 300w, https:\/\/glaserei-jakobi.de\/wp-content\/uploads\/2023\/06\/Wintergarten-1024x856.jpg 1024w, https:\/\/glaserei-jakobi.de\/wp-content\/uploads\/2023\/06\/Wintergarten-768x642.jpg 768w, https:\/\/glaserei-jakobi.de\/wp-content\/uploads\/2023\/06\/Wintergarten-1536x1284.jpg 1536w, https:\/\/glaserei-jakobi.de\/wp-content\/uploads\/2023\/06\/Wintergarten-2048x1712.jpg 2048w, https:\/\/glaserei-jakobi.de\/wp-content\/uploads\/2023\/06\/Wintergarten-1200x1003.jpg 1200w\" sizes=\"auto, (max-width: 709px) 85vw, (max-width: 909px) 67vw, (max-width: 1362px) 62vw, 840px\" \/><\/figure>\r\n\r\n\r\n\r\n<figure class=\"wp-block-image size-large\"><img loading=\"lazy\" decoding=\"async\" width=\"1024\" height=\"776\" data-id=\"513\" class=\"wp-image-513\" src=\"https:\/\/glaserei-jakobi.de\/wp-content\/uploads\/2021\/05\/IMGP0094-1024x776.jpg\" alt=\"\" srcset=\"https:\/\/glaserei-jakobi.de\/wp-content\/uploads\/2021\/05\/IMGP0094-1024x776.jpg 1024w, https:\/\/glaserei-jakobi.de\/wp-content\/uploads\/2021\/05\/IMGP0094-300x227.jpg 300w, https:\/\/glaserei-jakobi.de\/wp-content\/uploads\/2021\/05\/IMGP0094-768x582.jpg 768w, https:\/\/glaserei-jakobi.de\/wp-content\/uploads\/2021\/05\/IMGP0094-1536x1165.jpg 1536w, https:\/\/glaserei-jakobi.de\/wp-content\/uploads\/2021\/05\/IMGP0094-1200x910.jpg 1200w, https:\/\/glaserei-jakobi.de\/wp-content\/uploads\/2021\/05\/IMGP0094.jpg 1737w\" sizes=\"auto, (max-width: 709px) 85vw, (max-width: 909px) 67vw, (max-width: 1362px) 62vw, 840px\" \/><\/figure>\r\n\r\n\r\n\r\n<figure class=\"wp-block-image size-large\"><img loading=\"lazy\" decoding=\"async\" width=\"1024\" height=\"683\" data-id=\"215\" class=\"wp-image-215\" src=\"https:\/\/glaserei-jakobi.de\/wp-content\/uploads\/2019\/04\/Wintergarten1-1024x683.jpg\" alt=\"\" srcset=\"https:\/\/glaserei-jakobi.de\/wp-content\/uploads\/2019\/04\/Wintergarten1-1024x683.jpg 1024w, https:\/\/glaserei-jakobi.de\/wp-content\/uploads\/2019\/04\/Wintergarten1-300x200.jpg 300w, https:\/\/glaserei-jakobi.de\/wp-content\/uploads\/2019\/04\/Wintergarten1-768x512.jpg 768w, https:\/\/glaserei-jakobi.de\/wp-content\/uploads\/2019\/04\/Wintergarten1-1200x800.jpg 1200w, https:\/\/glaserei-jakobi.de\/wp-content\/uploads\/2019\/04\/Wintergarten1.jpg 1536w\" sizes=\"auto, (max-width: 709px) 85vw, (max-width: 909px) 67vw, (max-width: 1362px) 62vw, 840px\" \/><\/figure>\r\n\r\n\r\n\r\n<figure class=\"wp-block-image size-large\"><img loading=\"lazy\" decoding=\"async\" width=\"633\" height=\"504\" data-id=\"217\" class=\"wp-image-217\" src=\"https:\/\/glaserei-jakobi.de\/wp-content\/uploads\/2019\/04\/Wintergarten3.jpg\" alt=\"\" srcset=\"https:\/\/glaserei-jakobi.de\/wp-content\/uploads\/2019\/04\/Wintergarten3.jpg 633w, https:\/\/glaserei-jakobi.de\/wp-content\/uploads\/2019\/04\/Wintergarten3-300x239.jpg 300w\" sizes=\"auto, (max-width: 633px) 85vw, 633px\" \/><\/figure>\r\n\r\n\r\n\r\n<figure class=\"wp-block-image size-large\"><img loading=\"lazy\" decoding=\"async\" width=\"1024\" height=\"621\" data-id=\"514\" class=\"wp-image-514\" src=\"https:\/\/glaserei-jakobi.de\/wp-content\/uploads\/2021\/05\/IMGP0103-1024x621.jpg\" alt=\"\" srcset=\"https:\/\/glaserei-jakobi.de\/wp-content\/uploads\/2021\/05\/IMGP0103-1024x621.jpg 1024w, https:\/\/glaserei-jakobi.de\/wp-content\/uploads\/2021\/05\/IMGP0103-300x182.jpg 300w, https:\/\/glaserei-jakobi.de\/wp-content\/uploads\/2021\/05\/IMGP0103-768x466.jpg 768w, https:\/\/glaserei-jakobi.de\/wp-content\/uploads\/2021\/05\/IMGP0103-1200x728.jpg 1200w, https:\/\/glaserei-jakobi.de\/wp-content\/uploads\/2021\/05\/IMGP0103.jpg 1202w\" sizes=\"auto, (max-width: 709px) 85vw, (max-width: 909px) 67vw, (max-width: 1362px) 62vw, 840px\" \/><\/figure>\r\n\r\n\r\n\r\n<figure class=\"wp-block-image size-large\"><img loading=\"lazy\" decoding=\"async\" width=\"1024\" height=\"492\" data-id=\"515\" class=\"wp-image-515\" src=\"https:\/\/glaserei-jakobi.de\/wp-content\/uploads\/2021\/05\/VSG-003-2-1024x492.jpg\" alt=\"\" srcset=\"https:\/\/glaserei-jakobi.de\/wp-content\/uploads\/2021\/05\/VSG-003-2-1024x492.jpg 1024w, https:\/\/glaserei-jakobi.de\/wp-content\/uploads\/2021\/05\/VSG-003-2-300x144.jpg 300w, https:\/\/glaserei-jakobi.de\/wp-content\/uploads\/2021\/05\/VSG-003-2-768x369.jpg 768w, https:\/\/glaserei-jakobi.de\/wp-content\/uploads\/2021\/05\/VSG-003-2.jpg 1068w\" sizes=\"auto, (max-width: 709px) 85vw, (max-width: 909px) 67vw, (max-width: 1362px) 62vw, 840px\" \/><\/figure>\r\n\r\n\r\n\r\n<figure class=\"wp-block-image size-large\"><img loading=\"lazy\" decoding=\"async\" width=\"869\" height=\"583\" data-id=\"516\" class=\"wp-image-516\" src=\"https:\/\/glaserei-jakobi.de\/wp-content\/uploads\/2021\/05\/VSG-024.jpg\" alt=\"\" srcset=\"https:\/\/glaserei-jakobi.de\/wp-content\/uploads\/2021\/05\/VSG-024.jpg 869w, https:\/\/glaserei-jakobi.de\/wp-content\/uploads\/2021\/05\/VSG-024-300x201.jpg 300w, https:\/\/glaserei-jakobi.de\/wp-content\/uploads\/2021\/05\/VSG-024-768x515.jpg 768w\" sizes=\"auto, (max-width: 709px) 85vw, (max-width: 909px) 67vw, (max-width: 1362px) 62vw, 840px\" \/><\/figure>\r\n\r\n\r\n\r\n<figure class=\"wp-block-image size-large\"><img loading=\"lazy\" decoding=\"async\" width=\"1024\" height=\"768\" data-id=\"517\" class=\"wp-image-517\" src=\"https:\/\/glaserei-jakobi.de\/wp-content\/uploads\/2021\/05\/20190806_141951-1024x768-1.jpg\" alt=\"\" srcset=\"https:\/\/glaserei-jakobi.de\/wp-content\/uploads\/2021\/05\/20190806_141951-1024x768-1.jpg 1024w, https:\/\/glaserei-jakobi.de\/wp-content\/uploads\/2021\/05\/20190806_141951-1024x768-1-300x225.jpg 300w, https:\/\/glaserei-jakobi.de\/wp-content\/uploads\/2021\/05\/20190806_141951-1024x768-1-768x576.jpg 768w\" sizes=\"auto, (max-width: 709px) 85vw, (max-width: 909px) 67vw, (max-width: 1362px) 62vw, 840px\" \/><\/figure>\r\n\r\n\r\n\r\n<figure class=\"wp-block-image size-large\"><img loading=\"lazy\" decoding=\"async\" width=\"1024\" height=\"768\" data-id=\"518\" class=\"wp-image-518\" src=\"https:\/\/glaserei-jakobi.de\/wp-content\/uploads\/2021\/05\/20190806_143646-1024x768-1.jpg\" alt=\"\" srcset=\"https:\/\/glaserei-jakobi.de\/wp-content\/uploads\/2021\/05\/20190806_143646-1024x768-1.jpg 1024w, https:\/\/glaserei-jakobi.de\/wp-content\/uploads\/2021\/05\/20190806_143646-1024x768-1-300x225.jpg 300w, https:\/\/glaserei-jakobi.de\/wp-content\/uploads\/2021\/05\/20190806_143646-1024x768-1-768x576.jpg 768w\" sizes=\"auto, (max-width: 709px) 85vw, (max-width: 909px) 67vw, (max-width: 1362px) 62vw, 840px\" \/><\/figure>\r\n\r\n\r\n\r\n<figure class=\"wp-block-image size-large\"><img loading=\"lazy\" decoding=\"async\" width=\"848\" height=\"601\" data-id=\"581\" class=\"wp-image-581\" src=\"https:\/\/glaserei-jakobi.de\/wp-content\/uploads\/2021\/11\/Terassendachverglasung-1.jpg\" alt=\"\" srcset=\"https:\/\/glaserei-jakobi.de\/wp-content\/uploads\/2021\/11\/Terassendachverglasung-1.jpg 848w, https:\/\/glaserei-jakobi.de\/wp-content\/uploads\/2021\/11\/Terassendachverglasung-1-300x213.jpg 300w, https:\/\/glaserei-jakobi.de\/wp-content\/uploads\/2021\/11\/Terassendachverglasung-1-768x544.jpg 768w\" sizes=\"auto, (max-width: 709px) 85vw, (max-width: 909px) 67vw, (max-width: 1362px) 62vw, 840px\" \/><\/figure>\r\n\r\n\r\n\r\n<figure class=\"wp-block-image size-large\"><img loading=\"lazy\" decoding=\"async\" width=\"1024\" height=\"768\" data-id=\"519\" class=\"wp-image-519\" src=\"https:\/\/glaserei-jakobi.de\/wp-content\/uploads\/2021\/05\/20200904_113917-1024x768-1.jpg\" alt=\"\" srcset=\"https:\/\/glaserei-jakobi.de\/wp-content\/uploads\/2021\/05\/20200904_113917-1024x768-1.jpg 1024w, https:\/\/glaserei-jakobi.de\/wp-content\/uploads\/2021\/05\/20200904_113917-1024x768-1-300x225.jpg 300w, https:\/\/glaserei-jakobi.de\/wp-content\/uploads\/2021\/05\/20200904_113917-1024x768-1-768x576.jpg 768w\" sizes=\"auto, (max-width: 709px) 85vw, (max-width: 909px) 67vw, (max-width: 1362px) 62vw, 840px\" \/><\/figure>\r\n\r\n\r\n\r\n<figure class=\"wp-block-image size-large is-style-default\"><img loading=\"lazy\" decoding=\"async\" width=\"1024\" height=\"645\" data-id=\"645\" class=\"wp-image-645\" src=\"https:\/\/glaserei-jakobi.de\/wp-content\/uploads\/2023\/02\/Zaunelement-1-1024x645.jpg\" alt=\"\" srcset=\"https:\/\/glaserei-jakobi.de\/wp-content\/uploads\/2023\/02\/Zaunelement-1-1024x645.jpg 1024w, https:\/\/glaserei-jakobi.de\/wp-content\/uploads\/2023\/02\/Zaunelement-1-300x189.jpg 300w, https:\/\/glaserei-jakobi.de\/wp-content\/uploads\/2023\/02\/Zaunelement-1-768x483.jpg 768w, https:\/\/glaserei-jakobi.de\/wp-content\/uploads\/2023\/02\/Zaunelement-1-1536x967.jpg 1536w, https:\/\/glaserei-jakobi.de\/wp-content\/uploads\/2023\/02\/Zaunelement-1-1200x755.jpg 1200w, https:\/\/glaserei-jakobi.de\/wp-content\/uploads\/2023\/02\/Zaunelement-1.jpg 1652w\" sizes=\"auto, (max-width: 709px) 85vw, (max-width: 909px) 67vw, (max-width: 1362px) 62vw, 840px\" \/><\/figure>\r\n\r\n\r\n\r\n<figure class=\"wp-block-image size-large\"><img loading=\"lazy\" decoding=\"async\" width=\"970\" height=\"1024\" data-id=\"640\" class=\"wp-image-640\" src=\"https:\/\/glaserei-jakobi.de\/wp-content\/uploads\/2023\/02\/Wintergarten-01-970x1024.jpg\" alt=\"\" srcset=\"https:\/\/glaserei-jakobi.de\/wp-content\/uploads\/2023\/02\/Wintergarten-01-970x1024.jpg 970w, https:\/\/glaserei-jakobi.de\/wp-content\/uploads\/2023\/02\/Wintergarten-01-284x300.jpg 284w, https:\/\/glaserei-jakobi.de\/wp-content\/uploads\/2023\/02\/Wintergarten-01-768x811.jpg 768w, https:\/\/glaserei-jakobi.de\/wp-content\/uploads\/2023\/02\/Wintergarten-01-1455x1536.jpg 1455w, https:\/\/glaserei-jakobi.de\/wp-content\/uploads\/2023\/02\/Wintergarten-01-1940x2048.jpg 1940w, https:\/\/glaserei-jakobi.de\/wp-content\/uploads\/2023\/02\/Wintergarten-01-1200x1267.jpg 1200w\" sizes=\"auto, (max-width: 709px) 85vw, (max-width: 909px) 67vw, (max-width: 1362px) 62vw, 840px\" \/><\/figure>\r\n\r\n\r\n\r\n<figure class=\"wp-block-image size-large\"><img loading=\"lazy\" decoding=\"async\" width=\"768\" height=\"1024\" data-id=\"646\" class=\"wp-image-646\" src=\"https:\/\/glaserei-jakobi.de\/wp-content\/uploads\/2023\/02\/20220324_171016-768x1024.jpg\" alt=\"\" srcset=\"https:\/\/glaserei-jakobi.de\/wp-content\/uploads\/2023\/02\/20220324_171016-768x1024.jpg 768w, https:\/\/glaserei-jakobi.de\/wp-content\/uploads\/2023\/02\/20220324_171016-225x300.jpg 225w, https:\/\/glaserei-jakobi.de\/wp-content\/uploads\/2023\/02\/20220324_171016-1152x1536.jpg 1152w, https:\/\/glaserei-jakobi.de\/wp-content\/uploads\/2023\/02\/20220324_171016-1536x2048.jpg 1536w, https:\/\/glaserei-jakobi.de\/wp-content\/uploads\/2023\/02\/20220324_171016-1200x1600.jpg 1200w, https:\/\/glaserei-jakobi.de\/wp-content\/uploads\/2023\/02\/20220324_171016-scaled.jpg 1920w\" sizes=\"auto, (max-width: 768px) 85vw, 768px\" \/><\/figure>\r\n\r\n\r\n\r\n<figure class=\"wp-block-image size-large\"><img loading=\"lazy\" decoding=\"async\" data-id=\"644\" class=\"alignnone size-full wp-image-740\" src=\"https:\/\/glaserei-jakobi.de\/wp-content\/uploads\/2024\/07\/Terrassenverglasung.jpg\" alt=\"\" width=\"1168\" height=\"292\" srcset=\"https:\/\/glaserei-jakobi.de\/wp-content\/uploads\/2024\/07\/Terrassenverglasung.jpg 1168w, https:\/\/glaserei-jakobi.de\/wp-content\/uploads\/2024\/07\/Terrassenverglasung-300x75.jpg 300w, https:\/\/glaserei-jakobi.de\/wp-content\/uploads\/2024\/07\/Terrassenverglasung-1024x256.jpg 1024w, https:\/\/glaserei-jakobi.de\/wp-content\/uploads\/2024\/07\/Terrassenverglasung-768x192.jpg 768w\" sizes=\"auto, (max-width: 709px) 85vw, (max-width: 909px) 67vw, (max-width: 1362px) 62vw, 840px\" \/><img loading=\"lazy\" decoding=\"async\" class=\"wp-image-682 alignnone\" src=\"https:\/\/glaserei-jakobi.de\/wp-content\/uploads\/2023\/11\/20231106_110805-scaled.jpg\" alt=\"\" width=\"481\" height=\"361\" srcset=\"https:\/\/glaserei-jakobi.de\/wp-content\/uploads\/2023\/11\/20231106_110805-scaled.jpg 2560w, https:\/\/glaserei-jakobi.de\/wp-content\/uploads\/2023\/11\/20231106_110805-300x225.jpg 300w, https:\/\/glaserei-jakobi.de\/wp-content\/uploads\/2023\/11\/20231106_110805-1024x768.jpg 1024w, https:\/\/glaserei-jakobi.de\/wp-content\/uploads\/2023\/11\/20231106_110805-768x576.jpg 768w, https:\/\/glaserei-jakobi.de\/wp-content\/uploads\/2023\/11\/20231106_110805-1536x1152.jpg 1536w, https:\/\/glaserei-jakobi.de\/wp-content\/uploads\/2023\/11\/20231106_110805-2048x1536.jpg 2048w, https:\/\/glaserei-jakobi.de\/wp-content\/uploads\/2023\/11\/20231106_110805-1200x900.jpg 1200w\" sizes=\"auto, (max-width: 481px) 85vw, 481px\" \/><img loading=\"lazy\" decoding=\"async\" class=\"wp-image-688 alignnone\" src=\"https:\/\/glaserei-jakobi.de\/wp-content\/uploads\/2023\/12\/Beck.jpg\" alt=\"\" width=\"479\" height=\"360\" srcset=\"https:\/\/glaserei-jakobi.de\/wp-content\/uploads\/2023\/12\/Beck.jpg 726w, https:\/\/glaserei-jakobi.de\/wp-content\/uploads\/2023\/12\/Beck-300x225.jpg 300w\" sizes=\"auto, (max-width: 479px) 85vw, 479px\" \/><img loading=\"lazy\" decoding=\"async\" class=\"alignnone size-full wp-image-748\" src=\"https:\/\/glaserei-jakobi.de\/wp-content\/uploads\/2025\/03\/20250326_153619-1-scaled.jpg\" alt=\"\" width=\"2560\" height=\"2556\" srcset=\"https:\/\/glaserei-jakobi.de\/wp-content\/uploads\/2025\/03\/20250326_153619-1-scaled.jpg 2560w, https:\/\/glaserei-jakobi.de\/wp-content\/uploads\/2025\/03\/20250326_153619-1-300x300.jpg 300w, https:\/\/glaserei-jakobi.de\/wp-content\/uploads\/2025\/03\/20250326_153619-1-1024x1022.jpg 1024w, https:\/\/glaserei-jakobi.de\/wp-content\/uploads\/2025\/03\/20250326_153619-1-150x150.jpg 150w, https:\/\/glaserei-jakobi.de\/wp-content\/uploads\/2025\/03\/20250326_153619-1-768x767.jpg 768w, https:\/\/glaserei-jakobi.de\/wp-content\/uploads\/2025\/03\/20250326_153619-1-1536x1533.jpg 1536w, https:\/\/glaserei-jakobi.de\/wp-content\/uploads\/2025\/03\/20250326_153619-1-2048x2045.jpg 2048w, https:\/\/glaserei-jakobi.de\/wp-content\/uploads\/2025\/03\/20250326_153619-1-1200x1198.jpg 1200w\" sizes=\"auto, (max-width: 709px) 85vw, (max-width: 909px) 67vw, (max-width: 1362px) 62vw, 840px\" \/>\r\n<figure id=\"attachment_791\" aria-describedby=\"caption-attachment-791\" style=\"width: 1823px\" class=\"wp-caption alignnone\"><img loading=\"lazy\" decoding=\"async\" class=\"wp-image-791 size-full\" src=\"https:\/\/glaserei-jakobi.de\/wp-content\/uploads\/2026\/04\/20251006_113507-alt.jpg\" alt=\"\" width=\"1823\" height=\"1260\" srcset=\"https:\/\/glaserei-jakobi.de\/wp-content\/uploads\/2026\/04\/20251006_113507-alt.jpg 1823w, https:\/\/glaserei-jakobi.de\/wp-content\/uploads\/2026\/04\/20251006_113507-alt-300x207.jpg 300w, https:\/\/glaserei-jakobi.de\/wp-content\/uploads\/2026\/04\/20251006_113507-alt-1024x708.jpg 1024w, https:\/\/glaserei-jakobi.de\/wp-content\/uploads\/2026\/04\/20251006_113507-alt-768x531.jpg 768w, https:\/\/glaserei-jakobi.de\/wp-content\/uploads\/2026\/04\/20251006_113507-alt-1536x1062.jpg 1536w, https:\/\/glaserei-jakobi.de\/wp-content\/uploads\/2026\/04\/20251006_113507-alt-1200x829.jpg 1200w\" sizes=\"auto, (max-width: 709px) 85vw, (max-width: 909px) 67vw, (max-width: 1362px) 62vw, 840px\" \/><figcaption id=\"caption-attachment-791\" class=\"wp-caption-text\">VORHER<\/figcaption><\/figure>\r\n<figure id=\"attachment_792\" aria-describedby=\"caption-attachment-792\" style=\"width: 2092px\" class=\"wp-caption alignnone\"><img loading=\"lazy\" decoding=\"async\" class=\"wp-image-792 size-full\" src=\"https:\/\/glaserei-jakobi.de\/wp-content\/uploads\/2026\/04\/20260414_105020-neu.jpg\" alt=\"\" width=\"2092\" height=\"1493\" srcset=\"https:\/\/glaserei-jakobi.de\/wp-content\/uploads\/2026\/04\/20260414_105020-neu.jpg 2092w, https:\/\/glaserei-jakobi.de\/wp-content\/uploads\/2026\/04\/20260414_105020-neu-300x214.jpg 300w, https:\/\/glaserei-jakobi.de\/wp-content\/uploads\/2026\/04\/20260414_105020-neu-1024x731.jpg 1024w, https:\/\/glaserei-jakobi.de\/wp-content\/uploads\/2026\/04\/20260414_105020-neu-768x548.jpg 768w, https:\/\/glaserei-jakobi.de\/wp-content\/uploads\/2026\/04\/20260414_105020-neu-1536x1096.jpg 1536w, https:\/\/glaserei-jakobi.de\/wp-content\/uploads\/2026\/04\/20260414_105020-neu-2048x1462.jpg 2048w, https:\/\/glaserei-jakobi.de\/wp-content\/uploads\/2026\/04\/20260414_105020-neu-1200x856.jpg 1200w\" sizes=\"auto, (max-width: 709px) 85vw, (max-width: 909px) 67vw, (max-width: 1362px) 62vw, 840px\" \/><figcaption id=\"caption-attachment-792\" class=\"wp-caption-text\">NACHHER<\/figcaption><\/figure>\r\n<\/figure>\r\n<\/figure>\r\n\r\n\r\n","protected":false},"excerpt":{"rendered":"","protected":false},"author":1,"featured_media":0,"parent":0,"menu_order":0,"comment_status":"closed","ping_status":"closed","template":"","meta":{"_crdt_document":"","ngg_post_thumbnail":0,"footnotes":""},"class_list":["post-214","page","type-page","status-publish","hentry"],"_links":{"self":[{"href":"https:\/\/glaserei-jakobi.de\/index.php?rest_route=\/wp\/v2\/pages\/214","targetHints":{"allow":["GET"]}}],"collection":[{"href":"https:\/\/glaserei-jakobi.de\/index.php?rest_route=\/wp\/v2\/pages"}],"about":[{"href":"https:\/\/glaserei-jakobi.de\/index.php?rest_route=\/wp\/v2\/types\/page"}],"author":[{"embeddable":true,"href":"https:\/\/glaserei-jakobi.de\/index.php?rest_route=\/wp\/v2\/users\/1"}],"replies":[{"embeddable":true,"href":"https:\/\/glaserei-jakobi.de\/index.php?rest_route=%2Fwp%2Fv2%2Fcomments&post=214"}],"version-history":[{"count":23,"href":"https:\/\/glaserei-jakobi.de\/index.php?rest_route=\/wp\/v2\/pages\/214\/revisions"}],"predecessor-version":[{"id":795,"href":"https:\/\/glaserei-jakobi.de\/index.php?rest_route=\/wp\/v2\/pages\/214\/revisions\/795"}],"wp:attachment":[{"href":"https:\/\/glaserei-jakobi.de\/index.php?rest_route=%2Fwp%2Fv2%2Fmedia&parent=214"}],"curies":[{"name":"wp","href":"https:\/\/api.w.org\/{rel}","templated":true}]}}