{"id":198,"date":"2019-04-12T10:24:59","date_gmt":"2019-04-12T08:24:59","guid":{"rendered":"http:\/\/glaserei-jakobi.de\/?page_id=198"},"modified":"2020-07-21T13:18:44","modified_gmt":"2020-07-21T11:18:44","slug":"fenster","status":"publish","type":"page","link":"https:\/\/glaserei-jakobi.de\/?page_id=198","title":{"rendered":"Fenster"},"content":{"rendered":"<p><b><span style=\"font-family: Verdana,Tahoma,Arial,Helvetica,sans-serif;\">Fenster aus Holz, Kunststoff und Aluminium<\/span><\/b><\/p>\n<ul>\n<li><span style=\"font-family: Verdana,Tahoma,Arial,Helvetica,sans-serif;\">alle Abmessungen <\/span><\/li>\n<li><span style=\"font-family: Verdana,Tahoma,Arial,Helvetica,sans-serif;\">verschiedene Farben<\/span><\/li>\n<li><span style=\"font-family: Verdana,Tahoma,Arial,Helvetica,sans-serif;\">mit verschiedenen Gl\u00e4sern<\/span><\/li>\n<li><span style=\"font-family: Verdana,Tahoma,Arial,Helvetica,sans-serif;\">mit und ohne Bleiverglasung<\/span><\/li>\n<li><span style=\"font-family: Verdana,Tahoma,Arial,Helvetica,sans-serif;\">W\u00e4rmeschutz-Isolierfenster mit 2-fach oder 3-fach Verglasung<\/span><\/li>\n<li><span style=\"font-family: Verdana,Tahoma,Arial,Helvetica,sans-serif;\">Einbruchschutz, W\u00e4rmeschutz, Schallschutz &amp; Kinderschutz<\/span><\/li>\n<\/ul>\n\n\n<figure class=\"wp-block-gallery columns-2 is-cropped wp-block-gallery-1 is-layout-flex wp-block-gallery-is-layout-flex\"><ul class=\"blocks-gallery-grid\"><li class=\"blocks-gallery-item\"><figure><img loading=\"lazy\" decoding=\"async\" width=\"768\" height=\"1024\" src=\"https:\/\/glaserei-jakobi.de\/wp-content\/uploads\/2020\/07\/20200403_112035-768x1024.jpg\" alt=\"\" data-id=\"399\" data-link=\"https:\/\/glaserei-jakobi.de\/fenster\/20200403_112035\" class=\"wp-image-399\" srcset=\"https:\/\/glaserei-jakobi.de\/wp-content\/uploads\/2020\/07\/20200403_112035-768x1024.jpg 768w, https:\/\/glaserei-jakobi.de\/wp-content\/uploads\/2020\/07\/20200403_112035-225x300.jpg 225w, https:\/\/glaserei-jakobi.de\/wp-content\/uploads\/2020\/07\/20200403_112035-1152x1536.jpg 1152w, https:\/\/glaserei-jakobi.de\/wp-content\/uploads\/2020\/07\/20200403_112035-1536x2048.jpg 1536w, https:\/\/glaserei-jakobi.de\/wp-content\/uploads\/2020\/07\/20200403_112035-1200x1600.jpg 1200w, https:\/\/glaserei-jakobi.de\/wp-content\/uploads\/2020\/07\/20200403_112035-scaled.jpg 1920w\" sizes=\"auto, (max-width: 768px) 85vw, 768px\" \/><\/figure><\/li><li class=\"blocks-gallery-item\"><figure><img loading=\"lazy\" decoding=\"async\" width=\"1024\" height=\"768\" src=\"https:\/\/glaserei-jakobi.de\/wp-content\/uploads\/2020\/07\/20200721_105223-1024x768.jpg\" alt=\"\" data-id=\"400\" data-full-url=\"https:\/\/glaserei-jakobi.de\/wp-content\/uploads\/2020\/07\/20200721_105223-scaled.jpg\" data-link=\"https:\/\/glaserei-jakobi.de\/fenster\/20200721_105223\" class=\"wp-image-400\" srcset=\"https:\/\/glaserei-jakobi.de\/wp-content\/uploads\/2020\/07\/20200721_105223-1024x768.jpg 1024w, https:\/\/glaserei-jakobi.de\/wp-content\/uploads\/2020\/07\/20200721_105223-300x225.jpg 300w, https:\/\/glaserei-jakobi.de\/wp-content\/uploads\/2020\/07\/20200721_105223-768x576.jpg 768w, https:\/\/glaserei-jakobi.de\/wp-content\/uploads\/2020\/07\/20200721_105223-1536x1152.jpg 1536w, https:\/\/glaserei-jakobi.de\/wp-content\/uploads\/2020\/07\/20200721_105223-2048x1536.jpg 2048w, https:\/\/glaserei-jakobi.de\/wp-content\/uploads\/2020\/07\/20200721_105223-1200x900.jpg 1200w\" sizes=\"auto, (max-width: 709px) 85vw, (max-width: 909px) 67vw, (max-width: 1362px) 62vw, 840px\" \/><\/figure><\/li><\/ul><\/figure>\n\n\n\n<figure class=\"wp-block-image\"><img loading=\"lazy\" decoding=\"async\" width=\"327\" height=\"493\" src=\"http:\/\/glaserei-jakobi.de\/wp-content\/uploads\/2019\/05\/Bleiverglasung4.jpg\" alt=\"\" class=\"wp-image-278\" srcset=\"https:\/\/glaserei-jakobi.de\/wp-content\/uploads\/2019\/05\/Bleiverglasung4.jpg 327w, https:\/\/glaserei-jakobi.de\/wp-content\/uploads\/2019\/05\/Bleiverglasung4-199x300.jpg 199w\" sizes=\"auto, (max-width: 327px) 85vw, 327px\" \/><\/figure>\n\n\n","protected":false},"excerpt":{"rendered":"<p>Fenster aus Holz, Kunststoff und Aluminium alle Abmessungen verschiedene Farben mit verschiedenen Gl\u00e4sern mit und ohne Bleiverglasung W\u00e4rmeschutz-Isolierfenster mit 2-fach oder 3-fach Verglasung Einbruchschutz, W\u00e4rmeschutz, Schallschutz &amp; Kinderschutz<\/p>\n","protected":false},"author":1,"featured_media":0,"parent":0,"menu_order":0,"comment_status":"closed","ping_status":"closed","template":"","meta":{"_crdt_document":"","ngg_post_thumbnail":0,"footnotes":""},"class_list":["post-198","page","type-page","status-publish","hentry"],"_links":{"self":[{"href":"https:\/\/glaserei-jakobi.de\/index.php?rest_route=\/wp\/v2\/pages\/198","targetHints":{"allow":["GET"]}}],"collection":[{"href":"https:\/\/glaserei-jakobi.de\/index.php?rest_route=\/wp\/v2\/pages"}],"about":[{"href":"https:\/\/glaserei-jakobi.de\/index.php?rest_route=\/wp\/v2\/types\/page"}],"author":[{"embeddable":true,"href":"https:\/\/glaserei-jakobi.de\/index.php?rest_route=\/wp\/v2\/users\/1"}],"replies":[{"embeddable":true,"href":"https:\/\/glaserei-jakobi.de\/index.php?rest_route=%2Fwp%2Fv2%2Fcomments&post=198"}],"version-history":[{"count":9,"href":"https:\/\/glaserei-jakobi.de\/index.php?rest_route=\/wp\/v2\/pages\/198\/revisions"}],"predecessor-version":[{"id":401,"href":"https:\/\/glaserei-jakobi.de\/index.php?rest_route=\/wp\/v2\/pages\/198\/revisions\/401"}],"wp:attachment":[{"href":"https:\/\/glaserei-jakobi.de\/index.php?rest_route=%2Fwp%2Fv2%2Fmedia&parent=198"}],"curies":[{"name":"wp","href":"https:\/\/api.w.org\/{rel}","templated":true}]}}