{"id":193,"date":"2019-04-09T13:48:18","date_gmt":"2019-04-09T11:48:18","guid":{"rendered":"http:\/\/glaserei-jakobi.de\/?page_id=193"},"modified":"2025-12-09T12:01:34","modified_gmt":"2025-12-09T11:01:34","slug":"duschen","status":"publish","type":"page","link":"https:\/\/glaserei-jakobi.de\/?page_id=193","title":{"rendered":"Duschen"},"content":{"rendered":"<p>Jedes Bad ist anders &#8211; wir beraten sie gerne und bieten Ihnen Ihre individuelle Glas-Dusche nach Ma\u00df an.<\/p>\r\n<p>z. B. Nischenduschen, Eckduschen, Faltduschen, Walk-In-Duschen, Badewannenaufs\u00e4tze und Kombinationen und vieles mehr.<\/p>\r\n<p>Anfertigung von Duschkabinen jeglicher Form und Gr\u00f6\u00dfe in allen Glasvarianten unter Einsatz von Sicherheitsglas. \u00c4tz-, Sandstrahl- und Siebdrucktechniken dienen der Gestaltung des pers\u00f6nlichen Ambientes.<\/p>\r\n<p>&nbsp;<\/p>\r\n\r\n<figure class=\"wp-block-gallery has-nested-images columns-default is-cropped wp-block-gallery-1 is-layout-flex wp-block-gallery-is-layout-flex\">\r\n\r\n\r\n\r\n\r\n<figure class=\"wp-block-image size-large\"><img loading=\"lazy\" decoding=\"async\" width=\"631\" height=\"1024\" data-id=\"503\" class=\"wp-image-503\" src=\"https:\/\/glaserei-jakobi.de\/wp-content\/uploads\/2021\/05\/Duschen-Holzhausen-002-2-631x1024.jpg\" alt=\"\" srcset=\"https:\/\/glaserei-jakobi.de\/wp-content\/uploads\/2021\/05\/Duschen-Holzhausen-002-2-631x1024.jpg 631w, https:\/\/glaserei-jakobi.de\/wp-content\/uploads\/2021\/05\/Duschen-Holzhausen-002-2-185x300.jpg 185w, https:\/\/glaserei-jakobi.de\/wp-content\/uploads\/2021\/05\/Duschen-Holzhausen-002-2-768x1247.jpg 768w, https:\/\/glaserei-jakobi.de\/wp-content\/uploads\/2021\/05\/Duschen-Holzhausen-002-2-946x1536.jpg 946w, https:\/\/glaserei-jakobi.de\/wp-content\/uploads\/2021\/05\/Duschen-Holzhausen-002-2.jpg 1177w\" sizes=\"auto, (max-width: 631px) 85vw, 631px\" \/><img loading=\"lazy\" decoding=\"async\" class=\"alignnone size-full wp-image-780\" src=\"https:\/\/glaserei-jakobi.de\/wp-content\/uploads\/2025\/12\/Dusche-2.jpg\" alt=\"\" width=\"1500\" height=\"2000\" srcset=\"https:\/\/glaserei-jakobi.de\/wp-content\/uploads\/2025\/12\/Dusche-2.jpg 1500w, https:\/\/glaserei-jakobi.de\/wp-content\/uploads\/2025\/12\/Dusche-2-225x300.jpg 225w, https:\/\/glaserei-jakobi.de\/wp-content\/uploads\/2025\/12\/Dusche-2-768x1024.jpg 768w, https:\/\/glaserei-jakobi.de\/wp-content\/uploads\/2025\/12\/Dusche-2-1152x1536.jpg 1152w, https:\/\/glaserei-jakobi.de\/wp-content\/uploads\/2025\/12\/Dusche-2-1200x1600.jpg 1200w\" sizes=\"auto, (max-width: 709px) 85vw, (max-width: 909px) 67vw, (max-width: 1362px) 62vw, 840px\" \/> <img loading=\"lazy\" decoding=\"async\" class=\"alignnone size-full wp-image-781\" src=\"https:\/\/glaserei-jakobi.de\/wp-content\/uploads\/2025\/12\/Dusche-3.jpg\" alt=\"\" width=\"1500\" height=\"2000\" srcset=\"https:\/\/glaserei-jakobi.de\/wp-content\/uploads\/2025\/12\/Dusche-3.jpg 1500w, https:\/\/glaserei-jakobi.de\/wp-content\/uploads\/2025\/12\/Dusche-3-225x300.jpg 225w, https:\/\/glaserei-jakobi.de\/wp-content\/uploads\/2025\/12\/Dusche-3-768x1024.jpg 768w, https:\/\/glaserei-jakobi.de\/wp-content\/uploads\/2025\/12\/Dusche-3-1152x1536.jpg 1152w, https:\/\/glaserei-jakobi.de\/wp-content\/uploads\/2025\/12\/Dusche-3-1200x1600.jpg 1200w\" sizes=\"auto, (max-width: 709px) 85vw, (max-width: 909px) 67vw, (max-width: 1362px) 62vw, 840px\" \/><\/figure>\r\n\r\n\r\n\r\n<figure class=\"wp-block-image size-large\"><img loading=\"lazy\" decoding=\"async\" width=\"637\" height=\"1024\" data-id=\"502\" class=\"wp-image-502\" src=\"https:\/\/glaserei-jakobi.de\/wp-content\/uploads\/2021\/05\/016-2-637x1024.jpg\" alt=\"\" srcset=\"https:\/\/glaserei-jakobi.de\/wp-content\/uploads\/2021\/05\/016-2-637x1024.jpg 637w, https:\/\/glaserei-jakobi.de\/wp-content\/uploads\/2021\/05\/016-2-187x300.jpg 187w, https:\/\/glaserei-jakobi.de\/wp-content\/uploads\/2021\/05\/016-2-768x1235.jpg 768w, https:\/\/glaserei-jakobi.de\/wp-content\/uploads\/2021\/05\/016-2-956x1536.jpg 956w, https:\/\/glaserei-jakobi.de\/wp-content\/uploads\/2021\/05\/016-2-1200x1929.jpg 1200w, https:\/\/glaserei-jakobi.de\/wp-content\/uploads\/2021\/05\/016-2.jpg 1274w\" sizes=\"auto, (max-width: 637px) 85vw, 637px\" \/><\/figure>\r\n\r\n\r\n\r\n<figure class=\"wp-block-image size-large\"><img loading=\"lazy\" decoding=\"async\" width=\"703\" height=\"1024\" data-id=\"634\" class=\"wp-image-634\" src=\"https:\/\/glaserei-jakobi.de\/wp-content\/uploads\/2023\/02\/20230223_110845-703x1024.jpg\" alt=\"\" srcset=\"https:\/\/glaserei-jakobi.de\/wp-content\/uploads\/2023\/02\/20230223_110845-703x1024.jpg 703w, https:\/\/glaserei-jakobi.de\/wp-content\/uploads\/2023\/02\/20230223_110845-206x300.jpg 206w, https:\/\/glaserei-jakobi.de\/wp-content\/uploads\/2023\/02\/20230223_110845-768x1118.jpg 768w, https:\/\/glaserei-jakobi.de\/wp-content\/uploads\/2023\/02\/20230223_110845-1055x1536.jpg 1055w, https:\/\/glaserei-jakobi.de\/wp-content\/uploads\/2023\/02\/20230223_110845-1407x2048.jpg 1407w, https:\/\/glaserei-jakobi.de\/wp-content\/uploads\/2023\/02\/20230223_110845-1200x1747.jpg 1200w, https:\/\/glaserei-jakobi.de\/wp-content\/uploads\/2023\/02\/20230223_110845-scaled.jpg 1759w\" sizes=\"auto, (max-width: 703px) 85vw, 703px\" \/><img loading=\"lazy\" decoding=\"async\" class=\"alignnone size-full wp-image-752\" src=\"https:\/\/glaserei-jakobi.de\/wp-content\/uploads\/2025\/04\/IMG-20250401-WA0002.jpg\" alt=\"\" width=\"1200\" height=\"1600\" srcset=\"https:\/\/glaserei-jakobi.de\/wp-content\/uploads\/2025\/04\/IMG-20250401-WA0002.jpg 1200w, https:\/\/glaserei-jakobi.de\/wp-content\/uploads\/2025\/04\/IMG-20250401-WA0002-225x300.jpg 225w, https:\/\/glaserei-jakobi.de\/wp-content\/uploads\/2025\/04\/IMG-20250401-WA0002-768x1024.jpg 768w, https:\/\/glaserei-jakobi.de\/wp-content\/uploads\/2025\/04\/IMG-20250401-WA0002-1152x1536.jpg 1152w\" sizes=\"auto, (max-width: 709px) 85vw, (max-width: 909px) 67vw, (max-width: 1362px) 62vw, 840px\" \/> <img loading=\"lazy\" decoding=\"async\" class=\"alignnone size-full wp-image-753\" src=\"https:\/\/glaserei-jakobi.de\/wp-content\/uploads\/2025\/04\/IMG-20250401-WA0003.jpg\" alt=\"\" width=\"1200\" height=\"1600\" srcset=\"https:\/\/glaserei-jakobi.de\/wp-content\/uploads\/2025\/04\/IMG-20250401-WA0003.jpg 1200w, https:\/\/glaserei-jakobi.de\/wp-content\/uploads\/2025\/04\/IMG-20250401-WA0003-225x300.jpg 225w, https:\/\/glaserei-jakobi.de\/wp-content\/uploads\/2025\/04\/IMG-20250401-WA0003-768x1024.jpg 768w, https:\/\/glaserei-jakobi.de\/wp-content\/uploads\/2025\/04\/IMG-20250401-WA0003-1152x1536.jpg 1152w\" sizes=\"auto, (max-width: 709px) 85vw, (max-width: 909px) 67vw, (max-width: 1362px) 62vw, 840px\" \/><\/figure>\r\n<\/figure>\r\n","protected":false},"excerpt":{"rendered":"<p>Jedes Bad ist anders &#8211; wir beraten sie gerne und bieten Ihnen Ihre individuelle Glas-Dusche nach Ma\u00df an. z. B. Nischenduschen, Eckduschen, Faltduschen, Walk-In-Duschen, Badewannenaufs\u00e4tze und Kombinationen und vieles mehr. Anfertigung von Duschkabinen jeglicher Form und Gr\u00f6\u00dfe in allen Glasvarianten unter Einsatz von Sicherheitsglas. \u00c4tz-, Sandstrahl- und Siebdrucktechniken dienen der Gestaltung des pers\u00f6nlichen Ambientes. &nbsp;<\/p>\n","protected":false},"author":1,"featured_media":0,"parent":0,"menu_order":0,"comment_status":"closed","ping_status":"closed","template":"","meta":{"_crdt_document":"","ngg_post_thumbnail":0,"footnotes":""},"class_list":["post-193","page","type-page","status-publish","hentry"],"_links":{"self":[{"href":"https:\/\/glaserei-jakobi.de\/index.php?rest_route=\/wp\/v2\/pages\/193","targetHints":{"allow":["GET"]}}],"collection":[{"href":"https:\/\/glaserei-jakobi.de\/index.php?rest_route=\/wp\/v2\/pages"}],"about":[{"href":"https:\/\/glaserei-jakobi.de\/index.php?rest_route=\/wp\/v2\/types\/page"}],"author":[{"embeddable":true,"href":"https:\/\/glaserei-jakobi.de\/index.php?rest_route=\/wp\/v2\/users\/1"}],"replies":[{"embeddable":true,"href":"https:\/\/glaserei-jakobi.de\/index.php?rest_route=%2Fwp%2Fv2%2Fcomments&post=193"}],"version-history":[{"count":7,"href":"https:\/\/glaserei-jakobi.de\/index.php?rest_route=\/wp\/v2\/pages\/193\/revisions"}],"predecessor-version":[{"id":754,"href":"https:\/\/glaserei-jakobi.de\/index.php?rest_route=\/wp\/v2\/pages\/193\/revisions\/754"}],"wp:attachment":[{"href":"https:\/\/glaserei-jakobi.de\/index.php?rest_route=%2Fwp%2Fv2%2Fmedia&parent=193"}],"curies":[{"name":"wp","href":"https:\/\/api.w.org\/{rel}","templated":true}]}}