{"id":184,"date":"2019-04-09T13:44:02","date_gmt":"2019-04-09T11:44:02","guid":{"rendered":"http:\/\/glaserei-jakobi.de\/?page_id=184"},"modified":"2025-10-21T11:55:11","modified_gmt":"2025-10-21T09:55:11","slug":"bleiverglasungen","status":"publish","type":"page","link":"https:\/\/glaserei-jakobi.de\/?page_id=184","title":{"rendered":"Bleiverglasungen"},"content":{"rendered":"<p><strong>Bleiverglasungen machen aus Ihren Fenstern und T\u00fcren etwas Besonderes<\/strong>.<\/p>\r\n<p>Fertigung, Reparatur und Umarbeitung von Bleiverglasungen mit individueller Gestaltung f\u00fcr alle Bereiche. Wir verarbeiten diese auch auf Wunsch zu einer Isolierglaseinheit. Je nach Kundenwunsch werden in einer m\u00f6glichst nahtlosen Verschmelzung und k\u00fcnstlerischen Gestaltung sowohl Ornamentgl\u00e4ser als auch Echtantik-Glas, Facetten, Glasmalereien, \u00c4tz- oder Sandstrahlmotive in der Bleiverglasung verarbeitet.<\/p>\r\n\r\n<p>Durch die langj\u00e4hrige Erfahrung im Einsatz von Material und Technik sowie ausschlie\u00dflicher Verarbeitung von sorgsam ausgew\u00e4hlten Gl\u00e4sern (z.B. mundgeblasenes Echtantikglas) blicken wir auf eine durchgehend positive Resonanz unserer Kundschaft.&nbsp;<\/p>\r\n<p>Im sakralen Bereich werden in Zusammenarbeit mit Restauratoren Kirchenfenster neu gestaltet und historische Bleiverglasungen restauriert.<\/p>\r\n<p>Im profanen Bereich gestalten wir z.B. Kunstverglasungen, Betonverglasungen f\u00fcr Eingangshallen, Treppenh\u00e4user und Aulen.<\/p>\r\n\r\n\r\n\r\n<figure class=\"wp-block-gallery aligncenter columns-3 is-cropped wp-block-gallery-1 is-layout-flex wp-block-gallery-is-layout-flex\">\r\n<ul class=\"blocks-gallery-grid\">\r\n<li class=\"blocks-gallery-item\">\r\n<figure><img loading=\"lazy\" decoding=\"async\" width=\"484\" height=\"1024\" class=\"wp-image-500\" src=\"https:\/\/glaserei-jakobi.de\/wp-content\/uploads\/2021\/05\/Meisterstueck-065-484x1024.jpg\" alt=\"\" data-id=\"500\" data-link=\"https:\/\/glaserei-jakobi.de\/bleiverglasungen\/meisterstueck-065\" srcset=\"https:\/\/glaserei-jakobi.de\/wp-content\/uploads\/2021\/05\/Meisterstueck-065-484x1024.jpg 484w, https:\/\/glaserei-jakobi.de\/wp-content\/uploads\/2021\/05\/Meisterstueck-065-142x300.jpg 142w, https:\/\/glaserei-jakobi.de\/wp-content\/uploads\/2021\/05\/Meisterstueck-065-768x1624.jpg 768w, https:\/\/glaserei-jakobi.de\/wp-content\/uploads\/2021\/05\/Meisterstueck-065-727x1536.jpg 727w, https:\/\/glaserei-jakobi.de\/wp-content\/uploads\/2021\/05\/Meisterstueck-065-969x2048.jpg 969w, https:\/\/glaserei-jakobi.de\/wp-content\/uploads\/2021\/05\/Meisterstueck-065.jpg 1018w\" sizes=\"auto, (max-width: 484px) 85vw, 484px\" \/><\/figure>\r\n<\/li>\r\n<li class=\"blocks-gallery-item\">\r\n<figure><img loading=\"lazy\" decoding=\"async\" width=\"417\" height=\"1024\" class=\"wp-image-375\" src=\"http:\/\/glaserei-jakobi.de\/wp-content\/uploads\/2019\/09\/Bleiverglasung-Rose-1-417x1024.jpg\" alt=\"\" data-id=\"375\" data-link=\"http:\/\/glaserei-jakobi.de\/bleiverglasungen\/bleiverglasung-rose-1\" srcset=\"https:\/\/glaserei-jakobi.de\/wp-content\/uploads\/2019\/09\/Bleiverglasung-Rose-1-417x1024.jpg 417w, https:\/\/glaserei-jakobi.de\/wp-content\/uploads\/2019\/09\/Bleiverglasung-Rose-1-122x300.jpg 122w, https:\/\/glaserei-jakobi.de\/wp-content\/uploads\/2019\/09\/Bleiverglasung-Rose-1-768x1886.jpg 768w, https:\/\/glaserei-jakobi.de\/wp-content\/uploads\/2019\/09\/Bleiverglasung-Rose-1.jpg 843w\" sizes=\"auto, (max-width: 417px) 85vw, 417px\" \/><\/figure>\r\n<\/li>\r\n<li class=\"blocks-gallery-item\">\r\n<figure><img loading=\"lazy\" decoding=\"async\" width=\"255\" height=\"359\" class=\"wp-image-260\" src=\"http:\/\/glaserei-jakobi.de\/wp-content\/uploads\/2019\/05\/Bleiverglasung3.jpg\" alt=\"\" data-id=\"260\" data-link=\"http:\/\/glaserei-jakobi.de\/bleiverglasungen\/bleiverglasung3\" srcset=\"https:\/\/glaserei-jakobi.de\/wp-content\/uploads\/2019\/05\/Bleiverglasung3.jpg 255w, https:\/\/glaserei-jakobi.de\/wp-content\/uploads\/2019\/05\/Bleiverglasung3-213x300.jpg 213w\" sizes=\"auto, (max-width: 255px) 85vw, 255px\" \/><\/figure>\r\n<\/li>\r\n<li class=\"blocks-gallery-item\">\r\n<figure><img loading=\"lazy\" decoding=\"async\" width=\"683\" height=\"1024\" class=\"wp-image-272\" src=\"http:\/\/glaserei-jakobi.de\/wp-content\/uploads\/2019\/05\/Bleiverglasung-683x1024.jpg\" alt=\"\" data-id=\"272\" data-link=\"http:\/\/glaserei-jakobi.de\/bleiverglasungen\/bleiverglasung-2\" srcset=\"https:\/\/glaserei-jakobi.de\/wp-content\/uploads\/2019\/05\/Bleiverglasung-683x1024.jpg 683w, https:\/\/glaserei-jakobi.de\/wp-content\/uploads\/2019\/05\/Bleiverglasung-200x300.jpg 200w, https:\/\/glaserei-jakobi.de\/wp-content\/uploads\/2019\/05\/Bleiverglasung-768x1152.jpg 768w, https:\/\/glaserei-jakobi.de\/wp-content\/uploads\/2019\/05\/Bleiverglasung.jpg 1024w\" sizes=\"auto, (max-width: 683px) 85vw, 683px\" \/><\/figure>\r\n<\/li>\r\n<li class=\"blocks-gallery-item\">\r\n<figure><img loading=\"lazy\" decoding=\"async\" width=\"507\" height=\"1024\" class=\"wp-image-495\" src=\"https:\/\/glaserei-jakobi.de\/wp-content\/uploads\/2021\/05\/100_0477-507x1024.jpg\" alt=\"\" data-id=\"495\" data-link=\"https:\/\/glaserei-jakobi.de\/bleiverglasungen\/100_0477\" srcset=\"https:\/\/glaserei-jakobi.de\/wp-content\/uploads\/2021\/05\/100_0477-507x1024.jpg 507w, https:\/\/glaserei-jakobi.de\/wp-content\/uploads\/2021\/05\/100_0477-149x300.jpg 149w, https:\/\/glaserei-jakobi.de\/wp-content\/uploads\/2021\/05\/100_0477-768x1551.jpg 768w, https:\/\/glaserei-jakobi.de\/wp-content\/uploads\/2021\/05\/100_0477-760x1536.jpg 760w, https:\/\/glaserei-jakobi.de\/wp-content\/uploads\/2021\/05\/100_0477.jpg 843w\" sizes=\"auto, (max-width: 507px) 85vw, 507px\" \/><\/figure>\r\n<\/li>\r\n<li class=\"blocks-gallery-item\">\r\n<figure><img loading=\"lazy\" decoding=\"async\" width=\"595\" height=\"1024\" class=\"wp-image-490\" src=\"https:\/\/glaserei-jakobi.de\/wp-content\/uploads\/2021\/05\/100_0022-595x1024.jpg\" alt=\"\" data-id=\"490\" data-link=\"https:\/\/glaserei-jakobi.de\/bleiverglasungen\/100_0022\" srcset=\"https:\/\/glaserei-jakobi.de\/wp-content\/uploads\/2021\/05\/100_0022-595x1024.jpg 595w, https:\/\/glaserei-jakobi.de\/wp-content\/uploads\/2021\/05\/100_0022-174x300.jpg 174w, https:\/\/glaserei-jakobi.de\/wp-content\/uploads\/2021\/05\/100_0022-768x1323.jpg 768w, https:\/\/glaserei-jakobi.de\/wp-content\/uploads\/2021\/05\/100_0022-892x1536.jpg 892w, https:\/\/glaserei-jakobi.de\/wp-content\/uploads\/2021\/05\/100_0022.jpg 1095w\" sizes=\"auto, (max-width: 595px) 85vw, 595px\" \/><\/figure>\r\n<\/li>\r\n<li class=\"blocks-gallery-item\">\r\n<figure><img loading=\"lazy\" decoding=\"async\" width=\"718\" height=\"1024\" class=\"wp-image-491\" src=\"https:\/\/glaserei-jakobi.de\/wp-content\/uploads\/2021\/05\/100_0111-718x1024.jpg\" alt=\"\" data-id=\"491\" data-link=\"https:\/\/glaserei-jakobi.de\/bleiverglasungen\/100_0111\" srcset=\"https:\/\/glaserei-jakobi.de\/wp-content\/uploads\/2021\/05\/100_0111-718x1024.jpg 718w, https:\/\/glaserei-jakobi.de\/wp-content\/uploads\/2021\/05\/100_0111-210x300.jpg 210w, https:\/\/glaserei-jakobi.de\/wp-content\/uploads\/2021\/05\/100_0111-768x1096.jpg 768w, https:\/\/glaserei-jakobi.de\/wp-content\/uploads\/2021\/05\/100_0111-1076x1536.jpg 1076w, https:\/\/glaserei-jakobi.de\/wp-content\/uploads\/2021\/05\/100_0111-1200x1712.jpg 1200w, https:\/\/glaserei-jakobi.de\/wp-content\/uploads\/2021\/05\/100_0111.jpg 1354w\" sizes=\"auto, (max-width: 718px) 85vw, 718px\" \/><\/figure>\r\n<\/li>\r\n<li class=\"blocks-gallery-item\">\r\n<figure><img loading=\"lazy\" decoding=\"async\" width=\"555\" height=\"1024\" class=\"wp-image-492\" src=\"https:\/\/glaserei-jakobi.de\/wp-content\/uploads\/2021\/05\/100_0125-555x1024.jpg\" alt=\"\" data-id=\"492\" data-link=\"https:\/\/glaserei-jakobi.de\/bleiverglasungen\/100_0125\" srcset=\"https:\/\/glaserei-jakobi.de\/wp-content\/uploads\/2021\/05\/100_0125-555x1024.jpg 555w, https:\/\/glaserei-jakobi.de\/wp-content\/uploads\/2021\/05\/100_0125-163x300.jpg 163w, https:\/\/glaserei-jakobi.de\/wp-content\/uploads\/2021\/05\/100_0125-768x1417.jpg 768w, https:\/\/glaserei-jakobi.de\/wp-content\/uploads\/2021\/05\/100_0125-832x1536.jpg 832w, https:\/\/glaserei-jakobi.de\/wp-content\/uploads\/2021\/05\/100_0125-1110x2048.jpg 1110w, https:\/\/glaserei-jakobi.de\/wp-content\/uploads\/2021\/05\/100_0125.jpg 1131w\" sizes=\"auto, (max-width: 555px) 85vw, 555px\" \/><\/figure>\r\n<\/li>\r\n<li class=\"blocks-gallery-item\">\r\n<figure><img loading=\"lazy\" decoding=\"async\" width=\"434\" height=\"1024\" class=\"wp-image-493\" src=\"https:\/\/glaserei-jakobi.de\/wp-content\/uploads\/2021\/05\/100_0157-434x1024.jpg\" alt=\"\" data-id=\"493\" data-link=\"https:\/\/glaserei-jakobi.de\/bleiverglasungen\/100_0157\" srcset=\"https:\/\/glaserei-jakobi.de\/wp-content\/uploads\/2021\/05\/100_0157-434x1024.jpg 434w, https:\/\/glaserei-jakobi.de\/wp-content\/uploads\/2021\/05\/100_0157-127x300.jpg 127w, https:\/\/glaserei-jakobi.de\/wp-content\/uploads\/2021\/05\/100_0157-768x1811.jpg 768w, https:\/\/glaserei-jakobi.de\/wp-content\/uploads\/2021\/05\/100_0157-651x1536.jpg 651w, https:\/\/glaserei-jakobi.de\/wp-content\/uploads\/2021\/05\/100_0157-868x2048.jpg 868w, https:\/\/glaserei-jakobi.de\/wp-content\/uploads\/2021\/05\/100_0157.jpg 949w\" sizes=\"auto, (max-width: 434px) 85vw, 434px\" \/><\/figure>\r\n<\/li>\r\n<li class=\"blocks-gallery-item\">\r\n<figure><img loading=\"lazy\" decoding=\"async\" width=\"544\" height=\"1024\" class=\"wp-image-494\" src=\"https:\/\/glaserei-jakobi.de\/wp-content\/uploads\/2021\/05\/100_0185-2-544x1024.jpg\" alt=\"\" data-id=\"494\" data-link=\"https:\/\/glaserei-jakobi.de\/bleiverglasungen\/100_0185-2\" srcset=\"https:\/\/glaserei-jakobi.de\/wp-content\/uploads\/2021\/05\/100_0185-2-544x1024.jpg 544w, https:\/\/glaserei-jakobi.de\/wp-content\/uploads\/2021\/05\/100_0185-2-159x300.jpg 159w, https:\/\/glaserei-jakobi.de\/wp-content\/uploads\/2021\/05\/100_0185-2-768x1445.jpg 768w, https:\/\/glaserei-jakobi.de\/wp-content\/uploads\/2021\/05\/100_0185-2-817x1536.jpg 817w, https:\/\/glaserei-jakobi.de\/wp-content\/uploads\/2021\/05\/100_0185-2.jpg 942w\" sizes=\"auto, (max-width: 544px) 85vw, 544px\" \/><\/figure>\r\n<\/li>\r\n<li class=\"blocks-gallery-item\">\r\n<figure><img loading=\"lazy\" decoding=\"async\" width=\"530\" height=\"1024\" class=\"wp-image-499\" src=\"https:\/\/glaserei-jakobi.de\/wp-content\/uploads\/2021\/05\/HPIM3140-530x1024.jpg\" alt=\"\" data-id=\"499\" data-link=\"https:\/\/glaserei-jakobi.de\/bleiverglasungen\/hpim3140\" srcset=\"https:\/\/glaserei-jakobi.de\/wp-content\/uploads\/2021\/05\/HPIM3140-530x1024.jpg 530w, https:\/\/glaserei-jakobi.de\/wp-content\/uploads\/2021\/05\/HPIM3140-155x300.jpg 155w, https:\/\/glaserei-jakobi.de\/wp-content\/uploads\/2021\/05\/HPIM3140-768x1485.jpg 768w, https:\/\/glaserei-jakobi.de\/wp-content\/uploads\/2021\/05\/HPIM3140-794x1536.jpg 794w, https:\/\/glaserei-jakobi.de\/wp-content\/uploads\/2021\/05\/HPIM3140.jpg 1059w\" sizes=\"auto, (max-width: 530px) 85vw, 530px\" \/><\/figure>\r\n<\/li>\r\n<li class=\"blocks-gallery-item\">\r\n<figure><img loading=\"lazy\" decoding=\"async\" width=\"411\" height=\"1024\" class=\"wp-image-498\" src=\"https:\/\/glaserei-jakobi.de\/wp-content\/uploads\/2021\/05\/Bleiverglasungen-018-411x1024.jpg\" alt=\"\" data-id=\"498\" data-link=\"https:\/\/glaserei-jakobi.de\/bleiverglasungen\/bleiverglasungen-018\" srcset=\"https:\/\/glaserei-jakobi.de\/wp-content\/uploads\/2021\/05\/Bleiverglasungen-018-411x1024.jpg 411w, https:\/\/glaserei-jakobi.de\/wp-content\/uploads\/2021\/05\/Bleiverglasungen-018-121x300.jpg 121w, https:\/\/glaserei-jakobi.de\/wp-content\/uploads\/2021\/05\/Bleiverglasungen-018-617x1536.jpg 617w, https:\/\/glaserei-jakobi.de\/wp-content\/uploads\/2021\/05\/Bleiverglasungen-018.jpg 739w\" sizes=\"auto, (max-width: 411px) 85vw, 411px\" \/><\/figure>\r\n<\/li>\r\n<li class=\"blocks-gallery-item\">\r\n<figure><img loading=\"lazy\" decoding=\"async\" width=\"683\" height=\"1024\" class=\"wp-image-188\" src=\"http:\/\/glaserei-jakobi.de\/wp-content\/uploads\/2019\/04\/Meister-683x1024.jpg\" alt=\"\" data-id=\"188\" data-link=\"http:\/\/glaserei-jakobi.de\/?attachment_id=188\" srcset=\"https:\/\/glaserei-jakobi.de\/wp-content\/uploads\/2019\/04\/Meister-683x1024.jpg 683w, https:\/\/glaserei-jakobi.de\/wp-content\/uploads\/2019\/04\/Meister-200x300.jpg 200w, https:\/\/glaserei-jakobi.de\/wp-content\/uploads\/2019\/04\/Meister-768x1152.jpg 768w, https:\/\/glaserei-jakobi.de\/wp-content\/uploads\/2019\/04\/Meister.jpg 1024w\" sizes=\"auto, (max-width: 683px) 85vw, 683px\" \/><\/figure>\r\n<\/li>\r\n<li class=\"blocks-gallery-item\">\r\n<figure><img loading=\"lazy\" decoding=\"async\" width=\"683\" height=\"1024\" class=\"wp-image-273\" src=\"http:\/\/glaserei-jakobi.de\/wp-content\/uploads\/2019\/05\/Bleiverglasung1-683x1024.jpg\" alt=\"\" data-id=\"273\" data-link=\"http:\/\/glaserei-jakobi.de\/bleiverglasungen\/bleiverglasung1-2\" srcset=\"https:\/\/glaserei-jakobi.de\/wp-content\/uploads\/2019\/05\/Bleiverglasung1-683x1024.jpg 683w, https:\/\/glaserei-jakobi.de\/wp-content\/uploads\/2019\/05\/Bleiverglasung1-200x300.jpg 200w, https:\/\/glaserei-jakobi.de\/wp-content\/uploads\/2019\/05\/Bleiverglasung1-768x1152.jpg 768w, https:\/\/glaserei-jakobi.de\/wp-content\/uploads\/2019\/05\/Bleiverglasung1.jpg 1024w\" sizes=\"auto, (max-width: 683px) 85vw, 683px\" \/><\/figure>\r\n<\/li>\r\n<li class=\"blocks-gallery-item\">\r\n<figure><img loading=\"lazy\" decoding=\"async\" width=\"1024\" height=\"683\" class=\"wp-image-274\" src=\"http:\/\/glaserei-jakobi.de\/wp-content\/uploads\/2019\/05\/Bleiverglasung2-1024x683.jpg\" alt=\"\" data-id=\"274\" data-link=\"http:\/\/glaserei-jakobi.de\/bleiverglasungen\/bleiverglasung2-2\" srcset=\"https:\/\/glaserei-jakobi.de\/wp-content\/uploads\/2019\/05\/Bleiverglasung2-1024x683.jpg 1024w, https:\/\/glaserei-jakobi.de\/wp-content\/uploads\/2019\/05\/Bleiverglasung2-300x200.jpg 300w, https:\/\/glaserei-jakobi.de\/wp-content\/uploads\/2019\/05\/Bleiverglasung2-768x512.jpg 768w, https:\/\/glaserei-jakobi.de\/wp-content\/uploads\/2019\/05\/Bleiverglasung2-1200x800.jpg 1200w, https:\/\/glaserei-jakobi.de\/wp-content\/uploads\/2019\/05\/Bleiverglasung2.jpg 1536w\" sizes=\"auto, (max-width: 709px) 85vw, (max-width: 909px) 67vw, (max-width: 1362px) 62vw, 840px\" \/><\/figure>\r\n<\/li>\r\n<li class=\"blocks-gallery-item\">\r\n<figure><img loading=\"lazy\" decoding=\"async\" width=\"495\" height=\"512\" class=\"wp-image-185\" src=\"http:\/\/glaserei-jakobi.de\/wp-content\/uploads\/2019\/04\/Bleiverglasung8.jpg\" alt=\"\" data-id=\"185\" data-link=\"http:\/\/glaserei-jakobi.de\/?attachment_id=185\" srcset=\"https:\/\/glaserei-jakobi.de\/wp-content\/uploads\/2019\/04\/Bleiverglasung8.jpg 495w, https:\/\/glaserei-jakobi.de\/wp-content\/uploads\/2019\/04\/Bleiverglasung8-290x300.jpg 290w\" sizes=\"auto, (max-width: 495px) 85vw, 495px\" \/><\/figure>\r\n<\/li>\r\n<li class=\"blocks-gallery-item\">\r\n<figure><img loading=\"lazy\" decoding=\"async\" width=\"595\" height=\"1024\" class=\"wp-image-496\" src=\"https:\/\/glaserei-jakobi.de\/wp-content\/uploads\/2021\/05\/20131010_080816-595x1024.jpg\" alt=\"\" data-id=\"496\" data-link=\"https:\/\/glaserei-jakobi.de\/bleiverglasungen\/20131010_080816\" srcset=\"https:\/\/glaserei-jakobi.de\/wp-content\/uploads\/2021\/05\/20131010_080816-595x1024.jpg 595w, https:\/\/glaserei-jakobi.de\/wp-content\/uploads\/2021\/05\/20131010_080816-174x300.jpg 174w, https:\/\/glaserei-jakobi.de\/wp-content\/uploads\/2021\/05\/20131010_080816-768x1322.jpg 768w, https:\/\/glaserei-jakobi.de\/wp-content\/uploads\/2021\/05\/20131010_080816-893x1536.jpg 893w, https:\/\/glaserei-jakobi.de\/wp-content\/uploads\/2021\/05\/20131010_080816-1190x2048.jpg 1190w, https:\/\/glaserei-jakobi.de\/wp-content\/uploads\/2021\/05\/20131010_080816-1200x2065.jpg 1200w, https:\/\/glaserei-jakobi.de\/wp-content\/uploads\/2021\/05\/20131010_080816-scaled.jpg 1488w\" sizes=\"auto, (max-width: 595px) 85vw, 595px\" \/><\/figure>\r\n<\/li>\r\n<li class=\"blocks-gallery-item\">\r\n<figure><img loading=\"lazy\" decoding=\"async\" width=\"535\" height=\"1024\" class=\"wp-image-497\" src=\"https:\/\/glaserei-jakobi.de\/wp-content\/uploads\/2021\/05\/20131010_080907-535x1024.jpg\" alt=\"\" data-id=\"497\" data-link=\"https:\/\/glaserei-jakobi.de\/bleiverglasungen\/20131010_080907\" srcset=\"https:\/\/glaserei-jakobi.de\/wp-content\/uploads\/2021\/05\/20131010_080907-535x1024.jpg 535w, https:\/\/glaserei-jakobi.de\/wp-content\/uploads\/2021\/05\/20131010_080907-157x300.jpg 157w, https:\/\/glaserei-jakobi.de\/wp-content\/uploads\/2021\/05\/20131010_080907-768x1470.jpg 768w, https:\/\/glaserei-jakobi.de\/wp-content\/uploads\/2021\/05\/20131010_080907-802x1536.jpg 802w, https:\/\/glaserei-jakobi.de\/wp-content\/uploads\/2021\/05\/20131010_080907-1070x2048.jpg 1070w, https:\/\/glaserei-jakobi.de\/wp-content\/uploads\/2021\/05\/20131010_080907-1200x2298.jpg 1200w, https:\/\/glaserei-jakobi.de\/wp-content\/uploads\/2021\/05\/20131010_080907-scaled.jpg 1337w\" sizes=\"auto, (max-width: 535px) 85vw, 535px\" \/><\/figure>\r\n<\/li>\r\n<li class=\"blocks-gallery-item\">\r\n<figure><img loading=\"lazy\" decoding=\"async\" width=\"1024\" height=\"609\" class=\"wp-image-543 alignleft\" src=\"https:\/\/glaserei-jakobi.de\/wp-content\/uploads\/2021\/05\/20210519_145733-002-1024x609.jpg\" alt=\"\" data-id=\"543\" data-full-url=\"https:\/\/glaserei-jakobi.de\/wp-content\/uploads\/2021\/05\/20210519_145733-002-scaled.jpg\" data-link=\"https:\/\/glaserei-jakobi.de\/bleiverglasungen\/20210519_145733-002\" srcset=\"https:\/\/glaserei-jakobi.de\/wp-content\/uploads\/2021\/05\/20210519_145733-002-1024x609.jpg 1024w, https:\/\/glaserei-jakobi.de\/wp-content\/uploads\/2021\/05\/20210519_145733-002-300x179.jpg 300w, https:\/\/glaserei-jakobi.de\/wp-content\/uploads\/2021\/05\/20210519_145733-002-768x457.jpg 768w, https:\/\/glaserei-jakobi.de\/wp-content\/uploads\/2021\/05\/20210519_145733-002-1536x914.jpg 1536w, https:\/\/glaserei-jakobi.de\/wp-content\/uploads\/2021\/05\/20210519_145733-002-2048x1219.jpg 2048w, https:\/\/glaserei-jakobi.de\/wp-content\/uploads\/2021\/05\/20210519_145733-002-1200x714.jpg 1200w\" sizes=\"auto, (max-width: 709px) 85vw, (max-width: 909px) 67vw, (max-width: 1362px) 62vw, 840px\" \/><\/figure>\r\n<\/li>\r\n<\/ul>\r\n<\/figure>\r\n","protected":false},"excerpt":{"rendered":"<p>Bleiverglasungen machen aus Ihren Fenstern und T\u00fcren etwas Besonderes. Fertigung, Reparatur und Umarbeitung von Bleiverglasungen mit individueller Gestaltung f\u00fcr alle Bereiche. Wir verarbeiten diese auch auf Wunsch zu einer Isolierglaseinheit. Je nach Kundenwunsch werden in einer m\u00f6glichst nahtlosen Verschmelzung und k\u00fcnstlerischen Gestaltung sowohl Ornamentgl\u00e4ser als auch Echtantik-Glas, Facetten, Glasmalereien, \u00c4tz- oder Sandstrahlmotive in der Bleiverglasung &hellip; <a href=\"https:\/\/glaserei-jakobi.de\/?page_id=184\" class=\"more-link\"><span class=\"screen-reader-text\">\u201eBleiverglasungen\u201c <\/span>weiterlesen<\/a><\/p>\n","protected":false},"author":1,"featured_media":0,"parent":0,"menu_order":0,"comment_status":"closed","ping_status":"closed","template":"","meta":{"_crdt_document":"","ngg_post_thumbnail":0,"footnotes":""},"class_list":["post-184","page","type-page","status-publish","hentry"],"_links":{"self":[{"href":"https:\/\/glaserei-jakobi.de\/index.php?rest_route=\/wp\/v2\/pages\/184","targetHints":{"allow":["GET"]}}],"collection":[{"href":"https:\/\/glaserei-jakobi.de\/index.php?rest_route=\/wp\/v2\/pages"}],"about":[{"href":"https:\/\/glaserei-jakobi.de\/index.php?rest_route=\/wp\/v2\/types\/page"}],"author":[{"embeddable":true,"href":"https:\/\/glaserei-jakobi.de\/index.php?rest_route=\/wp\/v2\/users\/1"}],"replies":[{"embeddable":true,"href":"https:\/\/glaserei-jakobi.de\/index.php?rest_route=%2Fwp%2Fv2%2Fcomments&post=184"}],"version-history":[{"count":14,"href":"https:\/\/glaserei-jakobi.de\/index.php?rest_route=\/wp\/v2\/pages\/184\/revisions"}],"predecessor-version":[{"id":777,"href":"https:\/\/glaserei-jakobi.de\/index.php?rest_route=\/wp\/v2\/pages\/184\/revisions\/777"}],"wp:attachment":[{"href":"https:\/\/glaserei-jakobi.de\/index.php?rest_route=%2Fwp%2Fv2%2Fmedia&parent=184"}],"curies":[{"name":"wp","href":"https:\/\/api.w.org\/{rel}","templated":true}]}}